{"id":65665,"date":"2026-01-29T00:16:46","date_gmt":"2026-01-28T22:16:46","guid":{"rendered":"https:\/\/rezekne.citro.lv\/veikals\/skusanas-aparats-gillette-fusion-skusanas-ar-2kasetem\/"},"modified":"2026-04-01T06:02:29","modified_gmt":"2026-04-01T03:02:29","slug":"skusanas-aparats-gillette-fusion-skusanas-ar-2kasetem","status":"publish","type":"product","link":"https:\/\/rezekne.citro.lv\/ru\/product\/skusanas-aparats-gillette-fusion-skusanas-ar-2kasetem\/","title":{"rendered":"SK\u016a\u0160AN\u0100S APAR\u0100TS GILLETTE FUSION SK\u016a\u0160ANAS AR 2KASET\u0112M"},"content":{"rendered":"","protected":false},"excerpt":{"rendered":"","protected":false},"featured_media":65720,"template":"","meta":{"_acf_changed":false,"inline_featured_image":false},"product_cat":[127,170],"product_tag":[],"acf":[],"aioseo_notices":[],"_links":{"self":[{"href":"https:\/\/rezekne.citro.lv\/ru\/wp-json\/wp\/v2\/product\/65665"}],"collection":[{"href":"https:\/\/rezekne.citro.lv\/ru\/wp-json\/wp\/v2\/product"}],"about":[{"href":"https:\/\/rezekne.citro.lv\/ru\/wp-json\/wp\/v2\/types\/product"}],"wp:featuredmedia":[{"embeddable":true,"href":"https:\/\/rezekne.citro.lv\/ru\/wp-json\/wp\/v2\/media\/65720"}],"wp:attachment":[{"href":"https:\/\/rezekne.citro.lv\/ru\/wp-json\/wp\/v2\/media?parent=65665"}],"wp:term":[{"taxonomy":"product_cat","embeddable":true,"href":"https:\/\/rezekne.citro.lv\/ru\/wp-json\/wp\/v2\/product_cat?post=65665"},{"taxonomy":"product_tag","embeddable":true,"href":"https:\/\/rezekne.citro.lv\/ru\/wp-json\/wp\/v2\/product_tag?post=65665"}],"curies":[{"name":"wp","href":"https:\/\/api.w.org\/{rel}","templated":true}]}}