{"id":65670,"date":"2026-02-26T00:18:26","date_gmt":"2026-02-25T22:18:26","guid":{"rendered":"https:\/\/rezekne.citro.lv\/veikals\/skuvekli-gillette-blue3-comfort-vienreizl-viriesiem-62gab\/"},"modified":"2026-03-30T06:02:56","modified_gmt":"2026-03-30T03:02:56","slug":"skuvekli-gillette-blue3-comfort-vienreizl-viriesiem-62gab","status":"publish","type":"product","link":"https:\/\/rezekne.citro.lv\/ru\/product\/skuvekli-gillette-blue3-comfort-vienreizl-viriesiem-62gab\/","title":{"rendered":"SKUVEK\u013bI GILLETTE BLUE3 COMFORT  VIENREIZL. V\u012aRIE\u0160IEM 6+2GAB"},"content":{"rendered":"","protected":false},"excerpt":{"rendered":"<p>0.96 \u20ac\/GAB<\/p>\n","protected":false},"featured_media":65697,"template":"","meta":{"_acf_changed":false,"inline_featured_image":false},"product_cat":[127,170],"product_tag":[],"acf":[],"aioseo_notices":[],"_links":{"self":[{"href":"https:\/\/rezekne.citro.lv\/ru\/wp-json\/wp\/v2\/product\/65670"}],"collection":[{"href":"https:\/\/rezekne.citro.lv\/ru\/wp-json\/wp\/v2\/product"}],"about":[{"href":"https:\/\/rezekne.citro.lv\/ru\/wp-json\/wp\/v2\/types\/product"}],"wp:featuredmedia":[{"embeddable":true,"href":"https:\/\/rezekne.citro.lv\/ru\/wp-json\/wp\/v2\/media\/65697"}],"wp:attachment":[{"href":"https:\/\/rezekne.citro.lv\/ru\/wp-json\/wp\/v2\/media?parent=65670"}],"wp:term":[{"taxonomy":"product_cat","embeddable":true,"href":"https:\/\/rezekne.citro.lv\/ru\/wp-json\/wp\/v2\/product_cat?post=65670"},{"taxonomy":"product_tag","embeddable":true,"href":"https:\/\/rezekne.citro.lv\/ru\/wp-json\/wp\/v2\/product_tag?post=65670"}],"curies":[{"name":"wp","href":"https:\/\/api.w.org\/{rel}","templated":true}]}}