{"id":65838,"date":"2026-02-27T00:02:08","date_gmt":"2026-02-26T22:02:08","guid":{"rendered":"https:\/\/rezekne.citro.lv\/veikals\/malta-masa-cukgalas-un-vistu-skinkisu-fas-kg\/"},"modified":"2026-02-27T06:02:30","modified_gmt":"2026-02-27T04:02:30","slug":"malta-masa-cukgalas-un-vistu-skinkisu-fas-kg","status":"publish","type":"product","link":"https:\/\/rezekne.citro.lv\/ru\/product\/malta-masa-cukgalas-un-vistu-skinkisu-fas-kg\/","title":{"rendered":"MALT\u0100 MASA C\u016aKGA\u013bAS UN VISTU \u0160\u0136I\u0145KI\u0160U FAS.KG"},"content":{"rendered":"<p>Izcelsmes valsts: Latvija<\/p>\n","protected":false},"excerpt":{"rendered":"<p>6.29 \u20ac\/KG<\/p>\n","protected":false},"featured_media":66002,"template":"","meta":{"_acf_changed":false,"inline_featured_image":false},"product_cat":[135,190],"product_tag":[],"acf":[],"aioseo_notices":[],"_links":{"self":[{"href":"https:\/\/rezekne.citro.lv\/ru\/wp-json\/wp\/v2\/product\/65838"}],"collection":[{"href":"https:\/\/rezekne.citro.lv\/ru\/wp-json\/wp\/v2\/product"}],"about":[{"href":"https:\/\/rezekne.citro.lv\/ru\/wp-json\/wp\/v2\/types\/product"}],"wp:featuredmedia":[{"embeddable":true,"href":"https:\/\/rezekne.citro.lv\/ru\/wp-json\/wp\/v2\/media\/66002"}],"wp:attachment":[{"href":"https:\/\/rezekne.citro.lv\/ru\/wp-json\/wp\/v2\/media?parent=65838"}],"wp:term":[{"taxonomy":"product_cat","embeddable":true,"href":"https:\/\/rezekne.citro.lv\/ru\/wp-json\/wp\/v2\/product_cat?post=65838"},{"taxonomy":"product_tag","embeddable":true,"href":"https:\/\/rezekne.citro.lv\/ru\/wp-json\/wp\/v2\/product_tag?post=65838"}],"curies":[{"name":"wp","href":"https:\/\/api.w.org\/{rel}","templated":true}]}}