{"id":65867,"date":"2026-02-11T00:02:07","date_gmt":"2026-02-10T22:02:07","guid":{"rendered":"https:\/\/rezekne.citro.lv\/veikals\/udens-dzeramais-zakumuiza-5-2l\/"},"modified":"2026-02-11T00:02:08","modified_gmt":"2026-02-10T22:02:08","slug":"udens-dzeramais-zakumuiza-5-2l","status":"publish","type":"product","link":"https:\/\/rezekne.citro.lv\/ru\/product\/udens-dzeramais-zakumuiza-5-2l\/","title":{"rendered":"\u016aDENS DZERAMAIS ZA\u0136UMUI\u017dA 5.2L"},"content":{"rendered":"<p>Izcelsmes valsts: Latvija<\/p>\n","protected":false},"excerpt":{"rendered":"<p>0.21 \u20ac\/L<\/p>\n","protected":false},"featured_media":65876,"template":"","meta":{"_acf_changed":false,"inline_featured_image":false},"product_cat":[106,186],"product_tag":[],"acf":[],"aioseo_notices":[],"_links":{"self":[{"href":"https:\/\/rezekne.citro.lv\/ru\/wp-json\/wp\/v2\/product\/65867"}],"collection":[{"href":"https:\/\/rezekne.citro.lv\/ru\/wp-json\/wp\/v2\/product"}],"about":[{"href":"https:\/\/rezekne.citro.lv\/ru\/wp-json\/wp\/v2\/types\/product"}],"wp:featuredmedia":[{"embeddable":true,"href":"https:\/\/rezekne.citro.lv\/ru\/wp-json\/wp\/v2\/media\/65876"}],"wp:attachment":[{"href":"https:\/\/rezekne.citro.lv\/ru\/wp-json\/wp\/v2\/media?parent=65867"}],"wp:term":[{"taxonomy":"product_cat","embeddable":true,"href":"https:\/\/rezekne.citro.lv\/ru\/wp-json\/wp\/v2\/product_cat?post=65867"},{"taxonomy":"product_tag","embeddable":true,"href":"https:\/\/rezekne.citro.lv\/ru\/wp-json\/wp\/v2\/product_tag?post=65867"}],"curies":[{"name":"wp","href":"https:\/\/api.w.org\/{rel}","templated":true}]}}