{"id":66269,"date":"2026-05-07T00:02:01","date_gmt":"2026-05-06T21:02:01","guid":{"rendered":"https:\/\/rezekne.citro.lv\/veikals\/vafelu-trubinas-ar-piena-krema-pild-konafetto-roshen-140g\/"},"modified":"2026-05-09T06:00:19","modified_gmt":"2026-05-09T03:00:19","slug":"vafelu-trubinas-ar-piena-krema-pild-konafetto-roshen-140g","status":"publish","type":"product","link":"https:\/\/rezekne.citro.lv\/ru\/product\/vafelu-trubinas-ar-piena-krema-pild-konafetto-roshen-140g\/","title":{"rendered":"VAFE\u013bU TRUBI\u0145AS AR PIENA KR\u0112MA PILD. KONAFETTO ROSHEN 140G"},"content":{"rendered":"<p>Izcelsmes valsts: Ukraina<\/p>\n","protected":false},"excerpt":{"rendered":"<p>8.50 \u20ac\/KG<\/p>\n","protected":false},"featured_media":66012,"template":"","meta":{"_acf_changed":false,"inline_featured_image":false},"product_cat":[125,139],"product_tag":[],"acf":[],"aioseo_notices":[],"_links":{"self":[{"href":"https:\/\/rezekne.citro.lv\/ru\/wp-json\/wp\/v2\/product\/66269"}],"collection":[{"href":"https:\/\/rezekne.citro.lv\/ru\/wp-json\/wp\/v2\/product"}],"about":[{"href":"https:\/\/rezekne.citro.lv\/ru\/wp-json\/wp\/v2\/types\/product"}],"wp:featuredmedia":[{"embeddable":true,"href":"https:\/\/rezekne.citro.lv\/ru\/wp-json\/wp\/v2\/media\/66012"}],"wp:attachment":[{"href":"https:\/\/rezekne.citro.lv\/ru\/wp-json\/wp\/v2\/media?parent=66269"}],"wp:term":[{"taxonomy":"product_cat","embeddable":true,"href":"https:\/\/rezekne.citro.lv\/ru\/wp-json\/wp\/v2\/product_cat?post=66269"},{"taxonomy":"product_tag","embeddable":true,"href":"https:\/\/rezekne.citro.lv\/ru\/wp-json\/wp\/v2\/product_tag?post=66269"}],"curies":[{"name":"wp","href":"https:\/\/api.w.org\/{rel}","templated":true}]}}