{"id":66324,"date":"2026-04-23T00:02:15","date_gmt":"2026-04-22T21:02:15","guid":{"rendered":"https:\/\/rezekne.citro.lv\/veikals\/konservi-pupinas-sarkanas-kidney-tvaicetas-globus-425ml-326g\/"},"modified":"2026-04-23T00:02:19","modified_gmt":"2026-04-22T21:02:19","slug":"konservi-pupinas-sarkanas-kidney-tvaicetas-globus-425ml-326g","status":"publish","type":"product","link":"https:\/\/rezekne.citro.lv\/ru\/product\/konservi-pupinas-sarkanas-kidney-tvaicetas-globus-425ml-326g\/","title":{"rendered":"KONSERVI PUPI\u0145AS SARKAN\u0100S KIDNEY TVAIC\u0112TAS GLOBUS 425ML\/326G"},"content":{"rendered":"<p>Izcelsmes valsts: Ung\u0101rija<\/p>\n","protected":false},"excerpt":{"rendered":"<p>5.49 \u20ac\/KG<\/p>\n","protected":false},"featured_media":66850,"template":"","meta":{"_acf_changed":false,"inline_featured_image":false},"product_cat":[103,137],"product_tag":[],"acf":[],"aioseo_notices":[],"_links":{"self":[{"href":"https:\/\/rezekne.citro.lv\/ru\/wp-json\/wp\/v2\/product\/66324"}],"collection":[{"href":"https:\/\/rezekne.citro.lv\/ru\/wp-json\/wp\/v2\/product"}],"about":[{"href":"https:\/\/rezekne.citro.lv\/ru\/wp-json\/wp\/v2\/types\/product"}],"wp:featuredmedia":[{"embeddable":true,"href":"https:\/\/rezekne.citro.lv\/ru\/wp-json\/wp\/v2\/media\/66850"}],"wp:attachment":[{"href":"https:\/\/rezekne.citro.lv\/ru\/wp-json\/wp\/v2\/media?parent=66324"}],"wp:term":[{"taxonomy":"product_cat","embeddable":true,"href":"https:\/\/rezekne.citro.lv\/ru\/wp-json\/wp\/v2\/product_cat?post=66324"},{"taxonomy":"product_tag","embeddable":true,"href":"https:\/\/rezekne.citro.lv\/ru\/wp-json\/wp\/v2\/product_tag?post=66324"}],"curies":[{"name":"wp","href":"https:\/\/api.w.org\/{rel}","templated":true}]}}