{"id":66325,"date":"2026-04-09T00:02:19","date_gmt":"2026-04-08T21:02:19","guid":{"rendered":"https:\/\/rezekne.citro.lv\/veikals\/zalie-zirnisi-globus-smalkie-425ml-265g\/"},"modified":"2026-04-21T06:00:14","modified_gmt":"2026-04-21T03:00:14","slug":"zalie-zirnisi-globus-smalkie-425ml-265g","status":"publish","type":"product","link":"https:\/\/rezekne.citro.lv\/ru\/product\/zalie-zirnisi-globus-smalkie-425ml-265g\/","title":{"rendered":"ZA\u013bIE ZIRN\u012a\u0160I GLOBUS SMALKIE 425ML\/265G"},"content":{"rendered":"<p>Izcelsmes valsts: Ung\u0101rija<\/p>\n","protected":false},"excerpt":{"rendered":"<p>4.72 \u20ac\/KG<\/p>\n","protected":false},"featured_media":66851,"template":"","meta":{"_acf_changed":false,"inline_featured_image":false},"product_cat":[103,137],"product_tag":[],"acf":[],"aioseo_notices":[],"_links":{"self":[{"href":"https:\/\/rezekne.citro.lv\/ru\/wp-json\/wp\/v2\/product\/66325"}],"collection":[{"href":"https:\/\/rezekne.citro.lv\/ru\/wp-json\/wp\/v2\/product"}],"about":[{"href":"https:\/\/rezekne.citro.lv\/ru\/wp-json\/wp\/v2\/types\/product"}],"wp:featuredmedia":[{"embeddable":true,"href":"https:\/\/rezekne.citro.lv\/ru\/wp-json\/wp\/v2\/media\/66851"}],"wp:attachment":[{"href":"https:\/\/rezekne.citro.lv\/ru\/wp-json\/wp\/v2\/media?parent=66325"}],"wp:term":[{"taxonomy":"product_cat","embeddable":true,"href":"https:\/\/rezekne.citro.lv\/ru\/wp-json\/wp\/v2\/product_cat?post=66325"},{"taxonomy":"product_tag","embeddable":true,"href":"https:\/\/rezekne.citro.lv\/ru\/wp-json\/wp\/v2\/product_tag?post=66325"}],"curies":[{"name":"wp","href":"https:\/\/api.w.org\/{rel}","templated":true}]}}