{"id":66326,"date":"2026-03-26T00:33:38","date_gmt":"2026-03-25T22:33:38","guid":{"rendered":"https:\/\/rezekne.citro.lv\/veikals\/konservi-sviesta-pupinas-baltas-tvaicetas-globus-425ml-326g\/"},"modified":"2026-03-26T00:33:40","modified_gmt":"2026-03-25T22:33:40","slug":"konservi-sviesta-pupinas-baltas-tvaicetas-globus-425ml-326g","status":"publish","type":"product","link":"https:\/\/rezekne.citro.lv\/ru\/product\/konservi-sviesta-pupinas-baltas-tvaicetas-globus-425ml-326g\/","title":{"rendered":"KONSERVI SVIESTA PUPI\u0145AS BALT\u0100S TVAIC\u0112TAS GLOBUS 425ML\/326G"},"content":{"rendered":"<p>Izcelsmes valsts: Ung\u0101rija<\/p>\n","protected":false},"excerpt":{"rendered":"<p>5.49 \u20ac\/KG<\/p>\n","protected":false},"featured_media":66396,"template":"","meta":{"_acf_changed":false,"inline_featured_image":false},"product_cat":[103,137],"product_tag":[],"acf":[],"aioseo_notices":[],"_links":{"self":[{"href":"https:\/\/rezekne.citro.lv\/ru\/wp-json\/wp\/v2\/product\/66326"}],"collection":[{"href":"https:\/\/rezekne.citro.lv\/ru\/wp-json\/wp\/v2\/product"}],"about":[{"href":"https:\/\/rezekne.citro.lv\/ru\/wp-json\/wp\/v2\/types\/product"}],"wp:featuredmedia":[{"embeddable":true,"href":"https:\/\/rezekne.citro.lv\/ru\/wp-json\/wp\/v2\/media\/66396"}],"wp:attachment":[{"href":"https:\/\/rezekne.citro.lv\/ru\/wp-json\/wp\/v2\/media?parent=66326"}],"wp:term":[{"taxonomy":"product_cat","embeddable":true,"href":"https:\/\/rezekne.citro.lv\/ru\/wp-json\/wp\/v2\/product_cat?post=66326"},{"taxonomy":"product_tag","embeddable":true,"href":"https:\/\/rezekne.citro.lv\/ru\/wp-json\/wp\/v2\/product_tag?post=66326"}],"curies":[{"name":"wp","href":"https:\/\/api.w.org\/{rel}","templated":true}]}}