{"id":66327,"date":"2026-04-09T00:06:53","date_gmt":"2026-04-08T21:06:53","guid":{"rendered":"https:\/\/rezekne.citro.lv\/veikals\/kukuruza-salda-globus-kraukskiga-425ml-280g\/"},"modified":"2026-04-09T06:04:59","modified_gmt":"2026-04-09T03:04:59","slug":"kukuruza-salda-globus-kraukskiga-425ml-280g","status":"publish","type":"product","link":"https:\/\/rezekne.citro.lv\/ru\/product\/kukuruza-salda-globus-kraukskiga-425ml-280g\/","title":{"rendered":"KUKUR\u016aZA SALD\u0100 GLOBUS KRAUK\u0160\u0136\u012aG\u0100 425ML\/280G"},"content":{"rendered":"<p>Izcelsmes valsts: Ung\u0101rija<\/p>\n","protected":false},"excerpt":{"rendered":"<p>7.11 \u20ac\/KG<\/p>\n","protected":false},"featured_media":66603,"template":"","meta":{"_acf_changed":false,"inline_featured_image":false},"product_cat":[103,137],"product_tag":[],"acf":[],"aioseo_notices":[],"_links":{"self":[{"href":"https:\/\/rezekne.citro.lv\/ru\/wp-json\/wp\/v2\/product\/66327"}],"collection":[{"href":"https:\/\/rezekne.citro.lv\/ru\/wp-json\/wp\/v2\/product"}],"about":[{"href":"https:\/\/rezekne.citro.lv\/ru\/wp-json\/wp\/v2\/types\/product"}],"wp:featuredmedia":[{"embeddable":true,"href":"https:\/\/rezekne.citro.lv\/ru\/wp-json\/wp\/v2\/media\/66603"}],"wp:attachment":[{"href":"https:\/\/rezekne.citro.lv\/ru\/wp-json\/wp\/v2\/media?parent=66327"}],"wp:term":[{"taxonomy":"product_cat","embeddable":true,"href":"https:\/\/rezekne.citro.lv\/ru\/wp-json\/wp\/v2\/product_cat?post=66327"},{"taxonomy":"product_tag","embeddable":true,"href":"https:\/\/rezekne.citro.lv\/ru\/wp-json\/wp\/v2\/product_tag?post=66327"}],"curies":[{"name":"wp","href":"https:\/\/api.w.org\/{rel}","templated":true}]}}