{"id":66328,"date":"2026-04-23T00:48:39","date_gmt":"2026-04-22T21:48:39","guid":{"rendered":"https:\/\/rezekne.citro.lv\/veikals\/konservi-zalie-zirnisi-smalkie-globus-720ml-660g\/"},"modified":"2026-05-01T06:11:58","modified_gmt":"2026-05-01T03:11:58","slug":"konservi-zalie-zirnisi-smalkie-globus-720ml-660g","status":"publish","type":"product","link":"https:\/\/rezekne.citro.lv\/ru\/product\/konservi-zalie-zirnisi-smalkie-globus-720ml-660g\/","title":{"rendered":"KONSERVI ZA\u013bIE ZIRN\u012a\u0160I SMALKIE GLOBUS 720ML\/660G"},"content":{"rendered":"<p>Izcelsmes valsts: Ung\u0101rija<\/p>\n","protected":false},"excerpt":{"rendered":"<p>3.02 \u20ac\/KG<\/p>\n","protected":false},"featured_media":67560,"template":"","meta":{"_acf_changed":false,"inline_featured_image":false},"product_cat":[103,137],"product_tag":[],"acf":[],"aioseo_notices":[],"_links":{"self":[{"href":"https:\/\/rezekne.citro.lv\/ru\/wp-json\/wp\/v2\/product\/66328"}],"collection":[{"href":"https:\/\/rezekne.citro.lv\/ru\/wp-json\/wp\/v2\/product"}],"about":[{"href":"https:\/\/rezekne.citro.lv\/ru\/wp-json\/wp\/v2\/types\/product"}],"wp:featuredmedia":[{"embeddable":true,"href":"https:\/\/rezekne.citro.lv\/ru\/wp-json\/wp\/v2\/media\/67560"}],"wp:attachment":[{"href":"https:\/\/rezekne.citro.lv\/ru\/wp-json\/wp\/v2\/media?parent=66328"}],"wp:term":[{"taxonomy":"product_cat","embeddable":true,"href":"https:\/\/rezekne.citro.lv\/ru\/wp-json\/wp\/v2\/product_cat?post=66328"},{"taxonomy":"product_tag","embeddable":true,"href":"https:\/\/rezekne.citro.lv\/ru\/wp-json\/wp\/v2\/product_tag?post=66328"}],"curies":[{"name":"wp","href":"https:\/\/api.w.org\/{rel}","templated":true}]}}