{"id":66354,"date":"2026-04-21T00:02:07","date_gmt":"2026-04-20T21:02:07","guid":{"rendered":"https:\/\/rezekne.citro.lv\/veikals\/piens-iebiezinatais-dovgan-varits-karamelizets-370g\/"},"modified":"2026-04-21T00:02:11","modified_gmt":"2026-04-20T21:02:11","slug":"piens-iebiezinatais-dovgan-varits-karamelizets-370g","status":"publish","type":"product","link":"https:\/\/rezekne.citro.lv\/ru\/product\/piens-iebiezinatais-dovgan-varits-karamelizets-370g\/","title":{"rendered":"PIENS IEBIEZIN\u0100TAIS DOVGAN V\u0100R\u012aTS KARAMELIZ\u0112TS 370G"},"content":{"rendered":"<p>Izcelsmes valsts: Ukraina<\/p>\n","protected":false},"excerpt":{"rendered":"<p>5.65 \u20ac\/KG<\/p>\n","protected":false},"featured_media":66393,"template":"","meta":{"_acf_changed":false,"inline_featured_image":false},"product_cat":[95,166],"product_tag":[],"acf":[],"aioseo_notices":[],"_links":{"self":[{"href":"https:\/\/rezekne.citro.lv\/ru\/wp-json\/wp\/v2\/product\/66354"}],"collection":[{"href":"https:\/\/rezekne.citro.lv\/ru\/wp-json\/wp\/v2\/product"}],"about":[{"href":"https:\/\/rezekne.citro.lv\/ru\/wp-json\/wp\/v2\/types\/product"}],"wp:featuredmedia":[{"embeddable":true,"href":"https:\/\/rezekne.citro.lv\/ru\/wp-json\/wp\/v2\/media\/66393"}],"wp:attachment":[{"href":"https:\/\/rezekne.citro.lv\/ru\/wp-json\/wp\/v2\/media?parent=66354"}],"wp:term":[{"taxonomy":"product_cat","embeddable":true,"href":"https:\/\/rezekne.citro.lv\/ru\/wp-json\/wp\/v2\/product_cat?post=66354"},{"taxonomy":"product_tag","embeddable":true,"href":"https:\/\/rezekne.citro.lv\/ru\/wp-json\/wp\/v2\/product_tag?post=66354"}],"curies":[{"name":"wp","href":"https:\/\/api.w.org\/{rel}","templated":true}]}}