{"id":66359,"date":"2026-01-29T00:17:58","date_gmt":"2026-01-28T22:17:58","guid":{"rendered":"https:\/\/rezekne.citro.lv\/veikals\/pudins-krejuma-baltais-ar-saldajiem-kirsiem-150g\/"},"modified":"2026-03-27T12:00:26","modified_gmt":"2026-03-27T10:00:26","slug":"pudins-krejuma-baltais-ar-saldajiem-kirsiem-150g","status":"publish","type":"product","link":"https:\/\/rezekne.citro.lv\/ru\/product\/pudins-krejuma-baltais-ar-saldajiem-kirsiem-150g\/","title":{"rendered":"PUDI\u0145\u0160 KR\u0112JUMA BALTAIS AR SALDAJIEM \u0136IR\u0160IEM 150G"},"content":{"rendered":"<p>Izcelsmes valsts: Latvija<\/p>\n","protected":false},"excerpt":{"rendered":"<p>5.67 \u20ac\/KG<\/p>\n","protected":false},"featured_media":66379,"template":"","meta":{"_acf_changed":false,"inline_featured_image":false},"product_cat":[95,188],"product_tag":[],"acf":[],"aioseo_notices":[],"_links":{"self":[{"href":"https:\/\/rezekne.citro.lv\/ru\/wp-json\/wp\/v2\/product\/66359"}],"collection":[{"href":"https:\/\/rezekne.citro.lv\/ru\/wp-json\/wp\/v2\/product"}],"about":[{"href":"https:\/\/rezekne.citro.lv\/ru\/wp-json\/wp\/v2\/types\/product"}],"wp:featuredmedia":[{"embeddable":true,"href":"https:\/\/rezekne.citro.lv\/ru\/wp-json\/wp\/v2\/media\/66379"}],"wp:attachment":[{"href":"https:\/\/rezekne.citro.lv\/ru\/wp-json\/wp\/v2\/media?parent=66359"}],"wp:term":[{"taxonomy":"product_cat","embeddable":true,"href":"https:\/\/rezekne.citro.lv\/ru\/wp-json\/wp\/v2\/product_cat?post=66359"},{"taxonomy":"product_tag","embeddable":true,"href":"https:\/\/rezekne.citro.lv\/ru\/wp-json\/wp\/v2\/product_tag?post=66359"}],"curies":[{"name":"wp","href":"https:\/\/api.w.org\/{rel}","templated":true}]}}