{"id":66404,"date":"2026-04-23T00:02:51","date_gmt":"2026-04-22T21:02:51","guid":{"rendered":"https:\/\/rezekne.citro.lv\/veikals\/autinbiksites-huggies-extra-care-4-jp-8-16kg-33gab\/"},"modified":"2026-04-23T00:02:52","modified_gmt":"2026-04-22T21:02:52","slug":"autinbiksites-huggies-extra-care-4-jp-8-16kg-33gab","status":"publish","type":"product","link":"https:\/\/rezekne.citro.lv\/ru\/product\/autinbiksites-huggies-extra-care-4-jp-8-16kg-33gab\/","title":{"rendered":"AUTI\u0145BIKS\u012aTES HUGGIES EXTRA CARE 4 JP 8-16KG 33GAB"},"content":{"rendered":"<p>Izcelsmes valsts: \u010cehija<\/p>\n","protected":false},"excerpt":{"rendered":"<p>0.48 \u20ac\/GAB<\/p>\n","protected":false},"featured_media":66468,"template":"","meta":{"_acf_changed":false,"inline_featured_image":false},"product_cat":[172,189],"product_tag":[],"acf":[],"aioseo_notices":[],"_links":{"self":[{"href":"https:\/\/rezekne.citro.lv\/ru\/wp-json\/wp\/v2\/product\/66404"}],"collection":[{"href":"https:\/\/rezekne.citro.lv\/ru\/wp-json\/wp\/v2\/product"}],"about":[{"href":"https:\/\/rezekne.citro.lv\/ru\/wp-json\/wp\/v2\/types\/product"}],"wp:featuredmedia":[{"embeddable":true,"href":"https:\/\/rezekne.citro.lv\/ru\/wp-json\/wp\/v2\/media\/66468"}],"wp:attachment":[{"href":"https:\/\/rezekne.citro.lv\/ru\/wp-json\/wp\/v2\/media?parent=66404"}],"wp:term":[{"taxonomy":"product_cat","embeddable":true,"href":"https:\/\/rezekne.citro.lv\/ru\/wp-json\/wp\/v2\/product_cat?post=66404"},{"taxonomy":"product_tag","embeddable":true,"href":"https:\/\/rezekne.citro.lv\/ru\/wp-json\/wp\/v2\/product_tag?post=66404"}],"curies":[{"name":"wp","href":"https:\/\/api.w.org\/{rel}","templated":true}]}}