{"id":66405,"date":"2026-04-23T00:02:51","date_gmt":"2026-04-22T21:02:51","guid":{"rendered":"https:\/\/rezekne.citro.lv\/veikals\/cipsi-lays-ar-zalo-locinu-garsu-200g\/"},"modified":"2026-04-26T06:00:24","modified_gmt":"2026-04-26T03:00:24","slug":"cipsi-lays-ar-zalo-locinu-garsu-200g","status":"publish","type":"product","link":"https:\/\/rezekne.citro.lv\/ru\/product\/cipsi-lays-ar-zalo-locinu-garsu-200g\/","title":{"rendered":"\u010cIPSI LAY&#8217;S AR ZA\u013bO LOCI\u0145U GAR\u0160U 200G"},"content":{"rendered":"<p>Izcelsmes valsts: Polija<\/p>\n","protected":false},"excerpt":{"rendered":"<p>14.95 \u20ac\/KG<\/p>\n","protected":false},"featured_media":75835,"template":"","meta":{"_acf_changed":false,"inline_featured_image":false},"product_cat":[125,191],"product_tag":[],"acf":[],"aioseo_notices":[],"_links":{"self":[{"href":"https:\/\/rezekne.citro.lv\/ru\/wp-json\/wp\/v2\/product\/66405"}],"collection":[{"href":"https:\/\/rezekne.citro.lv\/ru\/wp-json\/wp\/v2\/product"}],"about":[{"href":"https:\/\/rezekne.citro.lv\/ru\/wp-json\/wp\/v2\/types\/product"}],"wp:featuredmedia":[{"embeddable":true,"href":"https:\/\/rezekne.citro.lv\/ru\/wp-json\/wp\/v2\/media\/75835"}],"wp:attachment":[{"href":"https:\/\/rezekne.citro.lv\/ru\/wp-json\/wp\/v2\/media?parent=66405"}],"wp:term":[{"taxonomy":"product_cat","embeddable":true,"href":"https:\/\/rezekne.citro.lv\/ru\/wp-json\/wp\/v2\/product_cat?post=66405"},{"taxonomy":"product_tag","embeddable":true,"href":"https:\/\/rezekne.citro.lv\/ru\/wp-json\/wp\/v2\/product_tag?post=66405"}],"curies":[{"name":"wp","href":"https:\/\/api.w.org\/{rel}","templated":true}]}}