{"id":66408,"date":"2026-04-09T00:02:37","date_gmt":"2026-04-08T21:02:37","guid":{"rendered":"https:\/\/rezekne.citro.lv\/veikals\/cipsi-lays-ar-krejuma-un-zalo-locinu-200g\/"},"modified":"2026-04-10T12:00:12","modified_gmt":"2026-04-10T09:00:12","slug":"cipsi-lays-ar-krejuma-un-zalo-locinu-200g","status":"publish","type":"product","link":"https:\/\/rezekne.citro.lv\/ru\/product\/cipsi-lays-ar-krejuma-un-zalo-locinu-200g\/","title":{"rendered":"\u010cIPSI LAY&#8217;S AR KR\u0112JUMA UN ZA\u013bO LOCI\u0145U 200G"},"content":{"rendered":"<p>Izcelsmes valsts: Polija<\/p>\n","protected":false},"excerpt":{"rendered":"<p>9.95 \u20ac\/KG<\/p>\n","protected":false},"featured_media":75834,"template":"","meta":{"_acf_changed":false,"inline_featured_image":false},"product_cat":[125,191],"product_tag":[],"acf":[],"aioseo_notices":[],"_links":{"self":[{"href":"https:\/\/rezekne.citro.lv\/ru\/wp-json\/wp\/v2\/product\/66408"}],"collection":[{"href":"https:\/\/rezekne.citro.lv\/ru\/wp-json\/wp\/v2\/product"}],"about":[{"href":"https:\/\/rezekne.citro.lv\/ru\/wp-json\/wp\/v2\/types\/product"}],"wp:featuredmedia":[{"embeddable":true,"href":"https:\/\/rezekne.citro.lv\/ru\/wp-json\/wp\/v2\/media\/75834"}],"wp:attachment":[{"href":"https:\/\/rezekne.citro.lv\/ru\/wp-json\/wp\/v2\/media?parent=66408"}],"wp:term":[{"taxonomy":"product_cat","embeddable":true,"href":"https:\/\/rezekne.citro.lv\/ru\/wp-json\/wp\/v2\/product_cat?post=66408"},{"taxonomy":"product_tag","embeddable":true,"href":"https:\/\/rezekne.citro.lv\/ru\/wp-json\/wp\/v2\/product_tag?post=66408"}],"curies":[{"name":"wp","href":"https:\/\/api.w.org\/{rel}","templated":true}]}}