{"id":66410,"date":"2026-04-23T00:02:51","date_gmt":"2026-04-22T21:02:51","guid":{"rendered":"https:\/\/rezekne.citro.lv\/veikals\/cepumi-gotina-ar-karsetu-piena-garsu-kg-osama\/"},"modified":"2026-05-09T06:00:21","modified_gmt":"2026-05-09T03:00:21","slug":"cepumi-gotina-ar-karsetu-piena-garsu-kg-osama","status":"publish","type":"product","link":"https:\/\/rezekne.citro.lv\/ru\/product\/cepumi-gotina-ar-karsetu-piena-garsu-kg-osama\/","title":{"rendered":"CEPUMI GOTI\u0145A AR KARS\u0112TU PIENA GAR\u0160U  KG OSAMA"},"content":{"rendered":"<p>Izcelsmes valsts: Ukraina<br \/>Ra\u017eots UA. Sast\u0101vda\u013cas: kvie\u0161u milti 1.\u0161\u0137(59%), p\u016bdercukurs, palmu e\u013c\u013ca ( rafin\u0113ta, dezodor\u0113ta), kukur\u016bzas ciete, invertcukura s\u012brups (baltais cukurs, sk\u0101buma regulators: n\u0101trija karbon\u0101ts, citronsk\u0101be), saus\u0101 piena s\u016bkalas, emulgators: sojas lecit\u012bns, irdin\u0101t\u0101js: n\u0101trija bikarbon\u0101ts, s\u0101ls, irdin\u0101t\u0101js: amonija s\u0101ls, aromatiz\u0113t\u0101ji: \u201ekars\u0113ts piens\u201d, \u201evanil\u012bns\u201d. 100 g produkta uzturv\u0113rt\u012bba: ener\u0123\u0113tik\u0101 v\u0113rt\u012bba-1770 kJ\/423 kcal: tauki-13.5 g: Tostarp pies\u0101tin\u0101t\u0101s tauksk\u0101bes-6,0 g: Og\u013chidr\u0101ti-68.7 g: Tostarp cukuri -21.1 g: Olbaltumvielas-6.7 g:  S\u0101ls-0,45 g.                                                                                                                                  Uzglab\u0101\u0161anas temperat\u016bra 18\u00b15\u00baC pie relat\u012bv\u0101 mitruma ne augst\u0101ka par 75%.                                                                                                      Izplat\u012bt\u0101js: UAB &#171;Osama&#187; fil. &#171;Osama Distributors&#187;<\/p>\n","protected":false},"excerpt":{"rendered":"<p>3.99 \u20ac\/KG<\/p>\n","protected":false},"featured_media":66462,"template":"","meta":{"_acf_changed":false,"inline_featured_image":false},"product_cat":[125,139],"product_tag":[],"acf":[],"aioseo_notices":[],"_links":{"self":[{"href":"https:\/\/rezekne.citro.lv\/ru\/wp-json\/wp\/v2\/product\/66410"}],"collection":[{"href":"https:\/\/rezekne.citro.lv\/ru\/wp-json\/wp\/v2\/product"}],"about":[{"href":"https:\/\/rezekne.citro.lv\/ru\/wp-json\/wp\/v2\/types\/product"}],"wp:featuredmedia":[{"embeddable":true,"href":"https:\/\/rezekne.citro.lv\/ru\/wp-json\/wp\/v2\/media\/66462"}],"wp:attachment":[{"href":"https:\/\/rezekne.citro.lv\/ru\/wp-json\/wp\/v2\/media?parent=66410"}],"wp:term":[{"taxonomy":"product_cat","embeddable":true,"href":"https:\/\/rezekne.citro.lv\/ru\/wp-json\/wp\/v2\/product_cat?post=66410"},{"taxonomy":"product_tag","embeddable":true,"href":"https:\/\/rezekne.citro.lv\/ru\/wp-json\/wp\/v2\/product_tag?post=66410"}],"curies":[{"name":"wp","href":"https:\/\/api.w.org\/{rel}","templated":true}]}}