{"id":66415,"date":"2025-07-10T11:59:47","date_gmt":"2025-07-10T08:59:47","guid":{"rendered":"https:\/\/rezekne.citro.lv\/veikals\/velas-mazgasanas-zeleja-sensitive-persil-855ml\/"},"modified":"2025-07-10T11:59:48","modified_gmt":"2025-07-10T08:59:48","slug":"velas-mazgasanas-zeleja-sensitive-persil-855ml","status":"publish","type":"product","link":"https:\/\/rezekne.citro.lv\/ru\/product\/velas-mazgasanas-zeleja-sensitive-persil-855ml\/","title":{"rendered":"VE\u013bAS MAZG\u0100\u0160ANAS \u017dELEJA SENSITIVE PERSIL 855ML"},"content":{"rendered":"<p>Izcelsmes valsts:<\/p>\n","protected":false},"excerpt":{"rendered":"<p>10.51 \u20ac\/L<\/p>\n","protected":false},"featured_media":66458,"template":"","meta":{"_acf_changed":false,"inline_featured_image":false},"product_cat":[131,184],"product_tag":[],"acf":[],"aioseo_notices":[],"_links":{"self":[{"href":"https:\/\/rezekne.citro.lv\/ru\/wp-json\/wp\/v2\/product\/66415"}],"collection":[{"href":"https:\/\/rezekne.citro.lv\/ru\/wp-json\/wp\/v2\/product"}],"about":[{"href":"https:\/\/rezekne.citro.lv\/ru\/wp-json\/wp\/v2\/types\/product"}],"wp:featuredmedia":[{"embeddable":true,"href":"https:\/\/rezekne.citro.lv\/ru\/wp-json\/wp\/v2\/media\/66458"}],"wp:attachment":[{"href":"https:\/\/rezekne.citro.lv\/ru\/wp-json\/wp\/v2\/media?parent=66415"}],"wp:term":[{"taxonomy":"product_cat","embeddable":true,"href":"https:\/\/rezekne.citro.lv\/ru\/wp-json\/wp\/v2\/product_cat?post=66415"},{"taxonomy":"product_tag","embeddable":true,"href":"https:\/\/rezekne.citro.lv\/ru\/wp-json\/wp\/v2\/product_tag?post=66415"}],"curies":[{"name":"wp","href":"https:\/\/api.w.org\/{rel}","templated":true}]}}