{"id":66498,"date":"2026-04-23T00:02:44","date_gmt":"2026-04-22T21:02:44","guid":{"rendered":"https:\/\/rezekne.citro.lv\/veikals\/siers-rivets-cederas-sn-200g\/"},"modified":"2026-05-13T15:00:06","modified_gmt":"2026-05-13T12:00:06","slug":"siers-rivets-cederas-sn-200g","status":"publish","type":"product","link":"https:\/\/rezekne.citro.lv\/ru\/product\/siers-rivets-cederas-sn-200g\/","title":{"rendered":"SIERS R\u012aV\u0112TS \u010cEDERAS SN 200G"},"content":{"rendered":"<p>Izcelsmes valsts: Latvija<\/p>\n","protected":false},"excerpt":{"rendered":"<p>13.95 \u20ac\/KG<\/p>\n","protected":false},"featured_media":66852,"template":"","meta":{"_acf_changed":false,"inline_featured_image":false},"product_cat":[95,225],"product_tag":[],"acf":[],"aioseo_notices":[],"_links":{"self":[{"href":"https:\/\/rezekne.citro.lv\/ru\/wp-json\/wp\/v2\/product\/66498"}],"collection":[{"href":"https:\/\/rezekne.citro.lv\/ru\/wp-json\/wp\/v2\/product"}],"about":[{"href":"https:\/\/rezekne.citro.lv\/ru\/wp-json\/wp\/v2\/types\/product"}],"wp:featuredmedia":[{"embeddable":true,"href":"https:\/\/rezekne.citro.lv\/ru\/wp-json\/wp\/v2\/media\/66852"}],"wp:attachment":[{"href":"https:\/\/rezekne.citro.lv\/ru\/wp-json\/wp\/v2\/media?parent=66498"}],"wp:term":[{"taxonomy":"product_cat","embeddable":true,"href":"https:\/\/rezekne.citro.lv\/ru\/wp-json\/wp\/v2\/product_cat?post=66498"},{"taxonomy":"product_tag","embeddable":true,"href":"https:\/\/rezekne.citro.lv\/ru\/wp-json\/wp\/v2\/product_tag?post=66498"}],"curies":[{"name":"wp","href":"https:\/\/api.w.org\/{rel}","templated":true}]}}