{"id":66508,"date":"2026-03-26T00:03:31","date_gmt":"2026-03-25T22:03:31","guid":{"rendered":"https:\/\/rezekne.citro.lv\/veikals\/cala-fileja-maza-atdzeseta-400g\/"},"modified":"2026-03-29T06:00:32","modified_gmt":"2026-03-29T04:00:32","slug":"cala-fileja-maza-atdzeseta-400g","status":"publish","type":"product","link":"https:\/\/rezekne.citro.lv\/ru\/product\/cala-fileja-maza-atdzeseta-400g\/","title":{"rendered":"C\u0100\u013bA FILEJA MAZ\u0100 ATDZES\u0112TA RM 400G"},"content":{"rendered":"<p>Izcelsmes valsts: Igaunija<\/p>\n","protected":false},"excerpt":{"rendered":"<p>10.98 \u20ac\/KG<\/p>\n","protected":false},"featured_media":66619,"template":"","meta":{"_acf_changed":false,"inline_featured_image":false},"product_cat":[135,190],"product_tag":[],"acf":[],"aioseo_notices":[],"_links":{"self":[{"href":"https:\/\/rezekne.citro.lv\/ru\/wp-json\/wp\/v2\/product\/66508"}],"collection":[{"href":"https:\/\/rezekne.citro.lv\/ru\/wp-json\/wp\/v2\/product"}],"about":[{"href":"https:\/\/rezekne.citro.lv\/ru\/wp-json\/wp\/v2\/types\/product"}],"wp:featuredmedia":[{"embeddable":true,"href":"https:\/\/rezekne.citro.lv\/ru\/wp-json\/wp\/v2\/media\/66619"}],"wp:attachment":[{"href":"https:\/\/rezekne.citro.lv\/ru\/wp-json\/wp\/v2\/media?parent=66508"}],"wp:term":[{"taxonomy":"product_cat","embeddable":true,"href":"https:\/\/rezekne.citro.lv\/ru\/wp-json\/wp\/v2\/product_cat?post=66508"},{"taxonomy":"product_tag","embeddable":true,"href":"https:\/\/rezekne.citro.lv\/ru\/wp-json\/wp\/v2\/product_tag?post=66508"}],"curies":[{"name":"wp","href":"https:\/\/api.w.org\/{rel}","templated":true}]}}