{"id":66524,"date":"2026-03-26T00:06:24","date_gmt":"2026-03-25T22:06:24","guid":{"rendered":"https:\/\/rezekne.citro.lv\/veikals\/desa-vitinata-chorizo-espano-skeles-100g\/"},"modified":"2026-04-07T06:00:57","modified_gmt":"2026-04-07T03:00:57","slug":"desa-vitinata-chorizo-espano-skeles-100g","status":"publish","type":"product","link":"https:\/\/rezekne.citro.lv\/ru\/product\/desa-vitinata-chorizo-espano-skeles-100g\/","title":{"rendered":"DESA V\u012aTIN\u0100TA CHORIZO ESPANO \u0160\u0136\u0112LES 100G"},"content":{"rendered":"<p>Izcelsmes valsts: Sp\u0101nija<\/p>\n","protected":false},"excerpt":{"rendered":"<p>16.90 \u20ac\/KG<\/p>\n","protected":false},"featured_media":66594,"template":"","meta":{"_acf_changed":false,"inline_featured_image":false},"product_cat":[135,178],"product_tag":[],"acf":[],"aioseo_notices":[],"_links":{"self":[{"href":"https:\/\/rezekne.citro.lv\/ru\/wp-json\/wp\/v2\/product\/66524"}],"collection":[{"href":"https:\/\/rezekne.citro.lv\/ru\/wp-json\/wp\/v2\/product"}],"about":[{"href":"https:\/\/rezekne.citro.lv\/ru\/wp-json\/wp\/v2\/types\/product"}],"wp:featuredmedia":[{"embeddable":true,"href":"https:\/\/rezekne.citro.lv\/ru\/wp-json\/wp\/v2\/media\/66594"}],"wp:attachment":[{"href":"https:\/\/rezekne.citro.lv\/ru\/wp-json\/wp\/v2\/media?parent=66524"}],"wp:term":[{"taxonomy":"product_cat","embeddable":true,"href":"https:\/\/rezekne.citro.lv\/ru\/wp-json\/wp\/v2\/product_cat?post=66524"},{"taxonomy":"product_tag","embeddable":true,"href":"https:\/\/rezekne.citro.lv\/ru\/wp-json\/wp\/v2\/product_tag?post=66524"}],"curies":[{"name":"wp","href":"https:\/\/api.w.org\/{rel}","templated":true}]}}