{"id":66528,"date":"2026-03-26T00:19:45","date_gmt":"2026-03-25T22:19:45","guid":{"rendered":"https:\/\/rezekne.citro.lv\/veikals\/saldejums-mr-big-persiku-marakujas-un-vanilas-garsu-1-4l-680g\/"},"modified":"2026-04-26T06:03:05","modified_gmt":"2026-04-26T03:03:05","slug":"saldejums-mr-big-persiku-marakujas-un-vanilas-garsu-1-4l-680g","status":"publish","type":"product","link":"https:\/\/rezekne.citro.lv\/ru\/product\/saldejums-mr-big-persiku-marakujas-un-vanilas-garsu-1-4l-680g\/","title":{"rendered":"SALD\u0112JUMS MR.BIG PERSIKU MARAKUJAS UN VANI\u013bAS GAR\u0160U 1.4L\/680G"},"content":{"rendered":"<p>Izcelsmes valsts: Igaunija<\/p>\n","protected":false},"excerpt":{"rendered":"<p>11.31 \u20ac\/KG<\/p>\n","protected":false},"featured_media":77434,"template":"","meta":{"_acf_changed":false,"inline_featured_image":false},"product_cat":[233,234],"product_tag":[],"acf":[],"aioseo_notices":[],"_links":{"self":[{"href":"https:\/\/rezekne.citro.lv\/ru\/wp-json\/wp\/v2\/product\/66528"}],"collection":[{"href":"https:\/\/rezekne.citro.lv\/ru\/wp-json\/wp\/v2\/product"}],"about":[{"href":"https:\/\/rezekne.citro.lv\/ru\/wp-json\/wp\/v2\/types\/product"}],"wp:featuredmedia":[{"embeddable":true,"href":"https:\/\/rezekne.citro.lv\/ru\/wp-json\/wp\/v2\/media\/77434"}],"wp:attachment":[{"href":"https:\/\/rezekne.citro.lv\/ru\/wp-json\/wp\/v2\/media?parent=66528"}],"wp:term":[{"taxonomy":"product_cat","embeddable":true,"href":"https:\/\/rezekne.citro.lv\/ru\/wp-json\/wp\/v2\/product_cat?post=66528"},{"taxonomy":"product_tag","embeddable":true,"href":"https:\/\/rezekne.citro.lv\/ru\/wp-json\/wp\/v2\/product_tag?post=66528"}],"curies":[{"name":"wp","href":"https:\/\/api.w.org\/{rel}","templated":true}]}}