{"id":66734,"date":"2026-04-22T00:02:08","date_gmt":"2026-04-21T21:02:08","guid":{"rendered":"https:\/\/rezekne.citro.lv\/veikals\/grieku-jogurts-dzeramais-annele-ar-zemenem-un-bananiem-250g\/"},"modified":"2026-05-06T06:00:34","modified_gmt":"2026-05-06T03:00:34","slug":"grieku-jogurts-dzeramais-annele-ar-zemenem-un-bananiem-250g","status":"publish","type":"product","link":"https:\/\/rezekne.citro.lv\/ru\/product\/grieku-jogurts-dzeramais-annele-ar-zemenem-un-bananiem-250g\/","title":{"rendered":"JOGURTS DZERAMAIS ANNELE GRIE\u0136U AR ZEMEN\u0112M UN BAN\u0100NIEM 250G"},"content":{"rendered":"<p>Izcelsmes valsts: Lietuva<\/p>\n","protected":false},"excerpt":{"rendered":"<p>3.56 \u20ac\/KG<\/p>\n","protected":false},"featured_media":2976,"template":"","meta":{"_acf_changed":false,"inline_featured_image":false},"product_cat":[95,100],"product_tag":[],"acf":[],"aioseo_notices":[],"_links":{"self":[{"href":"https:\/\/rezekne.citro.lv\/ru\/wp-json\/wp\/v2\/product\/66734"}],"collection":[{"href":"https:\/\/rezekne.citro.lv\/ru\/wp-json\/wp\/v2\/product"}],"about":[{"href":"https:\/\/rezekne.citro.lv\/ru\/wp-json\/wp\/v2\/types\/product"}],"wp:featuredmedia":[{"embeddable":true,"href":"https:\/\/rezekne.citro.lv\/ru\/wp-json\/wp\/v2\/media\/2976"}],"wp:attachment":[{"href":"https:\/\/rezekne.citro.lv\/ru\/wp-json\/wp\/v2\/media?parent=66734"}],"wp:term":[{"taxonomy":"product_cat","embeddable":true,"href":"https:\/\/rezekne.citro.lv\/ru\/wp-json\/wp\/v2\/product_cat?post=66734"},{"taxonomy":"product_tag","embeddable":true,"href":"https:\/\/rezekne.citro.lv\/ru\/wp-json\/wp\/v2\/product_tag?post=66734"}],"curies":[{"name":"wp","href":"https:\/\/api.w.org\/{rel}","templated":true}]}}