{"id":66753,"date":"2026-04-23T00:03:14","date_gmt":"2026-04-22T21:03:14","guid":{"rendered":"https:\/\/rezekne.citro.lv\/veikals\/kecups-tomatu-berniem-spilva-500g\/"},"modified":"2026-04-23T00:03:21","modified_gmt":"2026-04-22T21:03:21","slug":"kecups-tomatu-berniem-spilva-500g","status":"publish","type":"product","link":"https:\/\/rezekne.citro.lv\/ru\/product\/kecups-tomatu-berniem-spilva-500g\/","title":{"rendered":"KE\u010cUPS TOM\u0100TU B\u0112RNIEM SPILVA 500G"},"content":{"rendered":"","protected":false},"excerpt":{"rendered":"<p>7.98 \u20ac\/KG<\/p>\n","protected":false},"featured_media":66835,"template":"","meta":{"_acf_changed":false,"inline_featured_image":false},"product_cat":[116,533],"product_tag":[],"acf":[],"aioseo_notices":[],"_links":{"self":[{"href":"https:\/\/rezekne.citro.lv\/ru\/wp-json\/wp\/v2\/product\/66753"}],"collection":[{"href":"https:\/\/rezekne.citro.lv\/ru\/wp-json\/wp\/v2\/product"}],"about":[{"href":"https:\/\/rezekne.citro.lv\/ru\/wp-json\/wp\/v2\/types\/product"}],"wp:featuredmedia":[{"embeddable":true,"href":"https:\/\/rezekne.citro.lv\/ru\/wp-json\/wp\/v2\/media\/66835"}],"wp:attachment":[{"href":"https:\/\/rezekne.citro.lv\/ru\/wp-json\/wp\/v2\/media?parent=66753"}],"wp:term":[{"taxonomy":"product_cat","embeddable":true,"href":"https:\/\/rezekne.citro.lv\/ru\/wp-json\/wp\/v2\/product_cat?post=66753"},{"taxonomy":"product_tag","embeddable":true,"href":"https:\/\/rezekne.citro.lv\/ru\/wp-json\/wp\/v2\/product_tag?post=66753"}],"curies":[{"name":"wp","href":"https:\/\/api.w.org\/{rel}","templated":true}]}}