{"id":66928,"date":"2024-11-07T00:11:34","date_gmt":"2024-11-06T22:11:34","guid":{"rendered":"https:\/\/rezekne.citro.lv\/veikals\/bariba-putniem-saulespuku-seklu-mix-500g\/"},"modified":"2025-02-07T09:00:16","modified_gmt":"2025-02-07T07:00:16","slug":"bariba-putniem-saulespuku-seklu-mix-500g","status":"publish","type":"product","link":"https:\/\/rezekne.citro.lv\/ru\/product\/bariba-putniem-saulespuku-seklu-mix-500g\/","title":{"rendered":"BAR\u012aBA PUTNIEM SAULESPU\u0136U S\u0112KLU MIX 500G"},"content":{"rendered":"","protected":false},"excerpt":{"rendered":"<p>3.18 \u20ac\/KG<\/p>\n","protected":false},"featured_media":0,"template":"","meta":{"_acf_changed":false,"inline_featured_image":false},"product_cat":[153,154,87],"product_tag":[],"acf":[],"aioseo_notices":[],"_links":{"self":[{"href":"https:\/\/rezekne.citro.lv\/ru\/wp-json\/wp\/v2\/product\/66928"}],"collection":[{"href":"https:\/\/rezekne.citro.lv\/ru\/wp-json\/wp\/v2\/product"}],"about":[{"href":"https:\/\/rezekne.citro.lv\/ru\/wp-json\/wp\/v2\/types\/product"}],"wp:attachment":[{"href":"https:\/\/rezekne.citro.lv\/ru\/wp-json\/wp\/v2\/media?parent=66928"}],"wp:term":[{"taxonomy":"product_cat","embeddable":true,"href":"https:\/\/rezekne.citro.lv\/ru\/wp-json\/wp\/v2\/product_cat?post=66928"},{"taxonomy":"product_tag","embeddable":true,"href":"https:\/\/rezekne.citro.lv\/ru\/wp-json\/wp\/v2\/product_tag?post=66928"}],"curies":[{"name":"wp","href":"https:\/\/api.w.org\/{rel}","templated":true}]}}