{"id":66941,"date":"2025-07-17T00:05:57","date_gmt":"2025-07-16T21:05:57","guid":{"rendered":"https:\/\/rezekne.citro.lv\/veikals\/prjaniki-ar-dzervenu-garsas-pild-300g\/"},"modified":"2026-05-12T06:00:16","modified_gmt":"2026-05-12T03:00:16","slug":"prjaniki-ar-dzervenu-garsas-pild-300g","status":"publish","type":"product","link":"https:\/\/rezekne.citro.lv\/ru\/product\/prjaniki-ar-dzervenu-garsas-pild-300g\/","title":{"rendered":"PRJA\u0145IKI AR DZ\u0112RVE\u0145U GAR\u0160AS PILD. 300G"},"content":{"rendered":"<p>Izcelsmes valsts: Latvija<\/p>\n","protected":false},"excerpt":{"rendered":"<p>6.63 \u20ac\/KG<\/p>\n","protected":false},"featured_media":71580,"template":"","meta":{"_acf_changed":false,"inline_featured_image":false},"product_cat":[125,139],"product_tag":[],"acf":[],"aioseo_notices":[],"_links":{"self":[{"href":"https:\/\/rezekne.citro.lv\/ru\/wp-json\/wp\/v2\/product\/66941"}],"collection":[{"href":"https:\/\/rezekne.citro.lv\/ru\/wp-json\/wp\/v2\/product"}],"about":[{"href":"https:\/\/rezekne.citro.lv\/ru\/wp-json\/wp\/v2\/types\/product"}],"wp:featuredmedia":[{"embeddable":true,"href":"https:\/\/rezekne.citro.lv\/ru\/wp-json\/wp\/v2\/media\/71580"}],"wp:attachment":[{"href":"https:\/\/rezekne.citro.lv\/ru\/wp-json\/wp\/v2\/media?parent=66941"}],"wp:term":[{"taxonomy":"product_cat","embeddable":true,"href":"https:\/\/rezekne.citro.lv\/ru\/wp-json\/wp\/v2\/product_cat?post=66941"},{"taxonomy":"product_tag","embeddable":true,"href":"https:\/\/rezekne.citro.lv\/ru\/wp-json\/wp\/v2\/product_tag?post=66941"}],"curies":[{"name":"wp","href":"https:\/\/api.w.org\/{rel}","templated":true}]}}