{"id":66942,"date":"2026-03-26T00:03:07","date_gmt":"2026-03-25T22:03:07","guid":{"rendered":"https:\/\/rezekne.citro.lv\/veikals\/kafijas-pupinas-home-barista-caffe-crema-forte-1000g\/"},"modified":"2026-05-07T06:00:30","modified_gmt":"2026-05-07T03:00:30","slug":"kafijas-pupinas-home-barista-caffe-crema-forte-1000g","status":"publish","type":"product","link":"https:\/\/rezekne.citro.lv\/ru\/product\/kafijas-pupinas-home-barista-caffe-crema-forte-1000g\/","title":{"rendered":"KAFIJAS PUPI\u0145AS HOME BARISTA CAFF\u00c9 CREMA FORTE 1000G"},"content":{"rendered":"<p>Izcelsmes valsts: V\u0101cija<\/p>\n","protected":false},"excerpt":{"rendered":"<p>19.99 \u20ac\/KG<\/p>\n","protected":false},"featured_media":67405,"template":"","meta":{"_acf_changed":false,"inline_featured_image":false},"product_cat":[142,179],"product_tag":[],"acf":[],"aioseo_notices":[],"_links":{"self":[{"href":"https:\/\/rezekne.citro.lv\/ru\/wp-json\/wp\/v2\/product\/66942"}],"collection":[{"href":"https:\/\/rezekne.citro.lv\/ru\/wp-json\/wp\/v2\/product"}],"about":[{"href":"https:\/\/rezekne.citro.lv\/ru\/wp-json\/wp\/v2\/types\/product"}],"wp:featuredmedia":[{"embeddable":true,"href":"https:\/\/rezekne.citro.lv\/ru\/wp-json\/wp\/v2\/media\/67405"}],"wp:attachment":[{"href":"https:\/\/rezekne.citro.lv\/ru\/wp-json\/wp\/v2\/media?parent=66942"}],"wp:term":[{"taxonomy":"product_cat","embeddable":true,"href":"https:\/\/rezekne.citro.lv\/ru\/wp-json\/wp\/v2\/product_cat?post=66942"},{"taxonomy":"product_tag","embeddable":true,"href":"https:\/\/rezekne.citro.lv\/ru\/wp-json\/wp\/v2\/product_tag?post=66942"}],"curies":[{"name":"wp","href":"https:\/\/api.w.org\/{rel}","templated":true}]}}