{"id":67474,"date":"2026-03-26T00:06:24","date_gmt":"2026-03-25T22:06:24","guid":{"rendered":"https:\/\/rezekne.citro.lv\/veikals\/teja-zala-loyd-ar-citrona-un-laima-garsu-34g\/"},"modified":"2026-04-03T06:01:26","modified_gmt":"2026-04-03T03:01:26","slug":"teja-zala-loyd-ar-citrona-un-laima-garsu-34g","status":"publish","type":"product","link":"https:\/\/rezekne.citro.lv\/ru\/product\/teja-zala-loyd-ar-citrona-un-laima-garsu-34g\/","title":{"rendered":"T\u0112JA ZA\u013b\u0100 LOYD AR CITRONA UN LAIMA GAR\u0160U 34G"},"content":{"rendered":"<p>Izcelsmes valsts: Polija<\/p>\n","protected":false},"excerpt":{"rendered":"<p>52.65 \u20ac\/KG<\/p>\n","protected":false},"featured_media":32492,"template":"","meta":{"_acf_changed":false,"inline_featured_image":false},"product_cat":[142,143],"product_tag":[],"acf":[],"aioseo_notices":[],"_links":{"self":[{"href":"https:\/\/rezekne.citro.lv\/ru\/wp-json\/wp\/v2\/product\/67474"}],"collection":[{"href":"https:\/\/rezekne.citro.lv\/ru\/wp-json\/wp\/v2\/product"}],"about":[{"href":"https:\/\/rezekne.citro.lv\/ru\/wp-json\/wp\/v2\/types\/product"}],"wp:featuredmedia":[{"embeddable":true,"href":"https:\/\/rezekne.citro.lv\/ru\/wp-json\/wp\/v2\/media\/32492"}],"wp:attachment":[{"href":"https:\/\/rezekne.citro.lv\/ru\/wp-json\/wp\/v2\/media?parent=67474"}],"wp:term":[{"taxonomy":"product_cat","embeddable":true,"href":"https:\/\/rezekne.citro.lv\/ru\/wp-json\/wp\/v2\/product_cat?post=67474"},{"taxonomy":"product_tag","embeddable":true,"href":"https:\/\/rezekne.citro.lv\/ru\/wp-json\/wp\/v2\/product_tag?post=67474"}],"curies":[{"name":"wp","href":"https:\/\/api.w.org\/{rel}","templated":true}]}}