{"id":67476,"date":"2026-05-07T00:03:43","date_gmt":"2026-05-06T21:03:43","guid":{"rendered":"https:\/\/rezekne.citro.lv\/veikals\/teja-zala-ar-citronu-un-citronzales-garsu-loyd-pyramids-30g\/"},"modified":"2026-05-17T06:02:03","modified_gmt":"2026-05-17T03:02:03","slug":"teja-zala-ar-citronu-un-citronzales-garsu-loyd-pyramids-30g","status":"publish","type":"product","link":"https:\/\/rezekne.citro.lv\/ru\/product\/teja-zala-ar-citronu-un-citronzales-garsu-loyd-pyramids-30g\/","title":{"rendered":"T\u0112JA ZA\u013b\u0100 AR CITRONU UN CITRONZ\u0100LES GAR\u0160U LOYD PYRAMIDS 30G"},"content":{"rendered":"<p>Izcelsmes valsts: Polija<\/p>\n","protected":false},"excerpt":{"rendered":"<p>59.67 \u20ac\/KG<\/p>\n","protected":false},"featured_media":75884,"template":"","meta":{"_acf_changed":false,"inline_featured_image":false},"product_cat":[142,143],"product_tag":[],"acf":[],"aioseo_notices":[],"_links":{"self":[{"href":"https:\/\/rezekne.citro.lv\/ru\/wp-json\/wp\/v2\/product\/67476"}],"collection":[{"href":"https:\/\/rezekne.citro.lv\/ru\/wp-json\/wp\/v2\/product"}],"about":[{"href":"https:\/\/rezekne.citro.lv\/ru\/wp-json\/wp\/v2\/types\/product"}],"wp:featuredmedia":[{"embeddable":true,"href":"https:\/\/rezekne.citro.lv\/ru\/wp-json\/wp\/v2\/media\/75884"}],"wp:attachment":[{"href":"https:\/\/rezekne.citro.lv\/ru\/wp-json\/wp\/v2\/media?parent=67476"}],"wp:term":[{"taxonomy":"product_cat","embeddable":true,"href":"https:\/\/rezekne.citro.lv\/ru\/wp-json\/wp\/v2\/product_cat?post=67476"},{"taxonomy":"product_tag","embeddable":true,"href":"https:\/\/rezekne.citro.lv\/ru\/wp-json\/wp\/v2\/product_tag?post=67476"}],"curies":[{"name":"wp","href":"https:\/\/api.w.org\/{rel}","templated":true}]}}