{"id":67483,"date":"2026-03-06T00:02:07","date_gmt":"2026-03-05T22:02:07","guid":{"rendered":"https:\/\/rezekne.citro.lv\/veikals\/pilngraudu-maize-ar-skinki-un-sieru-citro-180g\/"},"modified":"2026-04-13T06:02:46","modified_gmt":"2026-04-13T03:02:46","slug":"pilngraudu-maize-ar-skinki-un-sieru-citro-180g","status":"publish","type":"product","link":"https:\/\/rezekne.citro.lv\/ru\/product\/pilngraudu-maize-ar-skinki-un-sieru-citro-180g\/","title":{"rendered":"PILNGRAUDU MAIZE AR \u0160\u0136I\u0145\u0136I UN SIERU CITRO 180G"},"content":{"rendered":"<p>Izcelsmes valsts: Latvija<br \/>Satur saldin\u0101t\u0101ju.Sast\u0101vda\u013cas: pilngraudu tostermaize47.2%(pilngraudu KVIE\u0160U milti 54%, \u016bdens, diedz\u0113ti KVIE\u0160U graudi 8%, diedz\u0113ti RUDZU graudi6%, KVIE\u0160U olbaltumvielas, cukurs, rap\u0161u augu e\u013c\u013ca, raugs, s\u0101ls 0.9%, kukur\u016bzas ciete, konservants E200. antioksidants:askorbinsk\u0101be. Produkts var satur\u0113t piena da\u013ci\u0146as): rulete kap\u0101t\u0101 \u0161\u0137i\u0146\u0137a karsti k\u016bpin\u0101ta16.6%((c\u016bkga\u013ca 58%, \u016bdens,c\u016bkas spe\u0137is, kartupe\u013cu ciete, hidrogin\u0113ts glikozes s\u012brups,ciete, stabilizet\u0101js E451, s\u0101ls,  biezin\u0101t\u0101js E407,  dz\u012bvnieku izcelsmes olbaltumvielas(c\u016bku),saharoze, antioksidanti E316, E301, E300,augu(SOJAS ce\u013cmal\u012btes) \u0161\u0137iedrvielas, SOJAS olbaltumvielu izol\u0101ts, sk\u0101buma regul\u0113t\u0101ji E262, E330, k\u016bpin\u0101\u0161anas aromatiz\u0113t\u0101js, dekstroze, konservants E 251, kr\u0101sviela E120,. Ga\u013cas izejvielas izcelsme ES)): pusciets, nogatavin\u0101ts puscietais siers  (t.s.s 45%)11.1% ((pasteriz\u0113ts govs  PIENS,  p\u0101rtikas s\u0101ls, cietin\u0101t\u0101js-kalcija hlor\u012bds,ieraugs, recin\u0101\u0161anas ferments)): majon\u0113ze ((rap\u0161u e\u013c\u013ca , \u016bdens, OLU pulveris, V\u0100JPIENA  pulveris, cukurs, s\u0101ls, sk\u0101buma regul\u0113t\u0101ji (eti\u0137sk\u0101be, citronsk\u0101be), konservants (k\u0101lija sorb\u0101ts), biezin\u0101t\u0101ji(modific\u0113ta ciete,gu\u0101ra sve\u0137i, ksant\u0101na sve\u0137i)):gur\u0137i marin\u0113ti ar saldin\u0101t\u0101ju  (gur\u0137i, \u016bdens,  eti\u0137is, s\u0101ls, gar\u0161vielu ekstrakts satur SINEPES, konservants n\u0101trija benzo\u0101ts E211, saldin\u0101t\u0101js sahar\u012bnsE954): \u0137\u012bnas k\u0101posti; asia \u010dili m\u0113rce((\u016bdens, glikoze, cukurs, tom\u0101tu pasta, biezin\u0101t\u0101ji(modific\u0113ta ciete, ksant\u0101na sve\u0137i), \u010dili pasta 1.5%, s\u0101ls, d\u0101rze\u0146i(paprika, s\u012bpoli), sk\u0101buma regul\u0113t\u0101ji(eti\u0137sk\u0101be, piensk\u0101be), SINEPJU s\u0113klas, \u0137iploki, konservants (k\u0101lija sorb\u0101ts), aromatiz\u0113t\u0101js)); Uzglab\u0101\u0161anas temperat\u016bra+2-+6C Inform\u0101cija par uzturv\u0113rt\u012bbu: 100 g produkta satur: ener\u0123\u0113tisk\u0101 v\u0113rt\u012bba 1087 kJ \/ 260kcal; tauki 12.4g, tostarp pies\u0101tin\u0101t\u0101s tauksk\u0101bes 3.6g; og\u013chidr\u0101ti 25g, tostarp cukuri 2.9g; \u0161\u0137iedrvielas 3.1g; olbaltumvielas 10.5g; s\u0101ls 1.3g.<\/p>\n","protected":false},"excerpt":{"rendered":"<p>11.06 \u20ac\/KG<\/p>\n","protected":false},"featured_media":79777,"template":"","meta":{"_acf_changed":false,"inline_featured_image":false},"product_cat":[113,566],"product_tag":[],"acf":[],"aioseo_notices":[],"_links":{"self":[{"href":"https:\/\/rezekne.citro.lv\/ru\/wp-json\/wp\/v2\/product\/67483"}],"collection":[{"href":"https:\/\/rezekne.citro.lv\/ru\/wp-json\/wp\/v2\/product"}],"about":[{"href":"https:\/\/rezekne.citro.lv\/ru\/wp-json\/wp\/v2\/types\/product"}],"wp:featuredmedia":[{"embeddable":true,"href":"https:\/\/rezekne.citro.lv\/ru\/wp-json\/wp\/v2\/media\/79777"}],"wp:attachment":[{"href":"https:\/\/rezekne.citro.lv\/ru\/wp-json\/wp\/v2\/media?parent=67483"}],"wp:term":[{"taxonomy":"product_cat","embeddable":true,"href":"https:\/\/rezekne.citro.lv\/ru\/wp-json\/wp\/v2\/product_cat?post=67483"},{"taxonomy":"product_tag","embeddable":true,"href":"https:\/\/rezekne.citro.lv\/ru\/wp-json\/wp\/v2\/product_tag?post=67483"}],"curies":[{"name":"wp","href":"https:\/\/api.w.org\/{rel}","templated":true}]}}