{"id":67500,"date":"2026-03-06T00:02:07","date_gmt":"2026-03-05T22:02:07","guid":{"rendered":"https:\/\/rezekne.citro.lv\/veikals\/sviestmaize-ar-vistas-galu-un-marinetu-papriku-citro-180g\/"},"modified":"2026-04-15T06:03:06","modified_gmt":"2026-04-15T03:03:06","slug":"sviestmaize-ar-vistas-galu-un-marinetu-papriku-citro-180g","status":"publish","type":"product","link":"https:\/\/rezekne.citro.lv\/ru\/product\/sviestmaize-ar-vistas-galu-un-marinetu-papriku-citro-180g\/","title":{"rendered":"SVIESTMAIZE AR VISTAS GA\u013bU UN MARIN\u0112TU PAPRIKU CITRO 180G"},"content":{"rendered":"<p>Izcelsmes valsts: Latvija<br \/>Satur saldin\u0101t\u0101ju.Sast\u0101vda\u013cas: tostermaize 47.2%( KVIE\u0160U milti , \u016bdens, cukurs, rap\u0161u e\u013c\u013ca, raugs, s\u0101ls 0.9%, kukur\u016bzas ciete, KVIE\u0160U iesals, konservants: sorbinsk\u0101be, antioksidants:askorbinsk\u0101be. Produkts var satur\u0113t piena da\u013ci\u0146as): vistas d\u016bmot\u0101 rulete16.7%((vistas ga\u013ca ar \u0101du, meh\u0101niski atdal\u012bta vistas ga\u013ca, \u016bdens, kartupe\u013cu ciete, s\u0101ls, konservants E 250, \u0137iploku granulas, dekstroze, stabilizet\u0101ji E 450,E451, biezin\u0101t\u0101ji: E407,E407a, E412,  E415,rauga ekstrakts, aromatiz\u0113t\u0101ji(dab\u012bgie aromatiz\u0113t\u0101ji, aromatiz\u0113jo\u0161\u0101s vielas, arom\u0101ti no termisk\u0101s apstr\u0101des procesa, SOJAS arom\u0101ts), antioksidantiE300, E301,  E316, gar\u0161vielu ekstrakti(satur SEL\u0112RIJU),modific\u0113ta ciete, gar\u0161as  pastipprin\u0101t\u0101js E621, emulgatorsE471, rap\u0161u e\u013c\u013ca, gar\u0161vielas, kr\u0101sviela E120,sk\u0101buma regul\u0113t\u0101ji E262,E330, maltodekstr\u012bns.Ra\u017eots uz\u0146\u0113mum\u0101, kur\u0101 tiek izmantoti alerg\u0113ni (GLUT\u0112NS, SINEPES, RIEKSTI, OLAS, SELERIJA)): nogatavin\u0101ts puscietais siers  (t.s.s 45%)11.1% ((pasteriz\u0113ts govs  PIENS,  p\u0101rtikas s\u0101ls, cietin\u0101t\u0101js-kalcija hlor\u012bds,ieraugs, recin\u0101\u0161anas ferments)): majon\u0113ze ((rap\u0161u e\u013c\u013ca , \u016bdens, OLU pulveris, V\u0100JPIENA  pulveris, cukurs, s\u0101ls, sk\u0101buma regul\u0113t\u0101ji (eti\u0137sk\u0101be, citronsk\u0101be), konservants (k\u0101lija sorb\u0101ts), biezin\u0101t\u0101ji(modific\u0113ta ciete,gu\u0101ra sve\u0137i, ksant\u0101na sve\u0137i)): paprika marin\u0113ta (paprika sarkana,\u016bdens,spirta eti\u0137is, s\u0101ls, stabilizators kalcija hlor\u012bds E509, saldin\u0101t\u0101ji-sahar\u012bns):   \u0137\u012bnas k\u0101posti:asia \u010dili m\u0113rce((\u016bdens, glikoze, cukurs, tom\u0101tu pasta, biezin\u0101t\u0101ji(modific\u0113ta ciete, ksant\u0101na sve\u0137i), \u010dili pasta 1.5%, s\u0101ls, d\u0101rze\u0146i(paprika, s\u012bpoli), sk\u0101buma regul\u0113t\u0101ji(eti\u0137sk\u0101be, piensk\u0101be), SINEPJU s\u0113klas, \u0137iploki, konservants (k\u0101lija sorb\u0101ts), aromatiz\u0113t\u0101js)): Uzglab\u0101\u0161anas temperat\u016bra.+2-+6C Inform\u0101cija par uzturv\u0113rt\u012bbu: 100 g produkta satur: ener\u0123\u0113tisk\u0101 v\u0113rt\u012bba 1060 kJ \/ 253kcal; tauki 11.9g, tostarp pies\u0101tin\u0101t\u0101s tauksk\u0101bes 3.2g; og\u013chidr\u0101ti 27g, tostarp cukuri 3g; \u0161\u0137iedrvielas 1.2g; olbaltumvielas 8.9g; s\u0101ls 1.3g.<\/p>\n","protected":false},"excerpt":{"rendered":"<p>13.06 \u20ac\/KG<\/p>\n","protected":false},"featured_media":69354,"template":"","meta":{"_acf_changed":false,"inline_featured_image":false},"product_cat":[113,566],"product_tag":[],"acf":[],"aioseo_notices":[],"_links":{"self":[{"href":"https:\/\/rezekne.citro.lv\/ru\/wp-json\/wp\/v2\/product\/67500"}],"collection":[{"href":"https:\/\/rezekne.citro.lv\/ru\/wp-json\/wp\/v2\/product"}],"about":[{"href":"https:\/\/rezekne.citro.lv\/ru\/wp-json\/wp\/v2\/types\/product"}],"wp:featuredmedia":[{"embeddable":true,"href":"https:\/\/rezekne.citro.lv\/ru\/wp-json\/wp\/v2\/media\/69354"}],"wp:attachment":[{"href":"https:\/\/rezekne.citro.lv\/ru\/wp-json\/wp\/v2\/media?parent=67500"}],"wp:term":[{"taxonomy":"product_cat","embeddable":true,"href":"https:\/\/rezekne.citro.lv\/ru\/wp-json\/wp\/v2\/product_cat?post=67500"},{"taxonomy":"product_tag","embeddable":true,"href":"https:\/\/rezekne.citro.lv\/ru\/wp-json\/wp\/v2\/product_tag?post=67500"}],"curies":[{"name":"wp","href":"https:\/\/api.w.org\/{rel}","templated":true}]}}