{"id":67524,"date":"2026-05-07T00:04:09","date_gmt":"2026-05-06T21:04:09","guid":{"rendered":"https:\/\/rezekne.citro.lv\/veikals\/bariba-kakiem-konserveta-sheba-delikatesse-mix-4-paka-4x85g\/"},"modified":"2026-05-11T06:02:31","modified_gmt":"2026-05-11T03:02:31","slug":"bariba-kakiem-konserveta-sheba-delikatesse-mix-4-paka-4x85g","status":"publish","type":"product","link":"https:\/\/rezekne.citro.lv\/ru\/product\/bariba-kakiem-konserveta-sheba-delikatesse-mix-4-paka-4x85g\/","title":{"rendered":"BAR\u012aBA KA\u0136IEM KONSERV\u0112TA SHEBA DELIKATESSE MIX 4-PAKA 4X85G"},"content":{"rendered":"<p>Izcelsmes valsts: Francija<\/p>\n","protected":false},"excerpt":{"rendered":"<p>5.85 \u20ac\/KG<\/p>\n","protected":false},"featured_media":67733,"template":"","meta":{"_acf_changed":false,"inline_featured_image":false},"product_cat":[153,175],"product_tag":[],"acf":[],"aioseo_notices":[],"_links":{"self":[{"href":"https:\/\/rezekne.citro.lv\/ru\/wp-json\/wp\/v2\/product\/67524"}],"collection":[{"href":"https:\/\/rezekne.citro.lv\/ru\/wp-json\/wp\/v2\/product"}],"about":[{"href":"https:\/\/rezekne.citro.lv\/ru\/wp-json\/wp\/v2\/types\/product"}],"wp:featuredmedia":[{"embeddable":true,"href":"https:\/\/rezekne.citro.lv\/ru\/wp-json\/wp\/v2\/media\/67733"}],"wp:attachment":[{"href":"https:\/\/rezekne.citro.lv\/ru\/wp-json\/wp\/v2\/media?parent=67524"}],"wp:term":[{"taxonomy":"product_cat","embeddable":true,"href":"https:\/\/rezekne.citro.lv\/ru\/wp-json\/wp\/v2\/product_cat?post=67524"},{"taxonomy":"product_tag","embeddable":true,"href":"https:\/\/rezekne.citro.lv\/ru\/wp-json\/wp\/v2\/product_tag?post=67524"}],"curies":[{"name":"wp","href":"https:\/\/api.w.org\/{rel}","templated":true}]}}