{"id":67525,"date":"2026-01-02T00:17:21","date_gmt":"2026-01-01T22:17:21","guid":{"rendered":"https:\/\/rezekne.citro.lv\/veikals\/skusanas-aparats-gillette-venus-ar-2-kasetem-2iep\/"},"modified":"2026-02-14T06:02:46","modified_gmt":"2026-02-14T04:02:46","slug":"skusanas-aparats-gillette-venus-ar-2-kasetem-2iep","status":"publish","type":"product","link":"https:\/\/rezekne.citro.lv\/ru\/product\/skusanas-aparats-gillette-venus-ar-2-kasetem-2iep\/","title":{"rendered":"SK\u016a\u0160AN\u0100S APAR\u0100TS GILLETTE VENUS (AR 2 KASET\u0112M) 2IEP."},"content":{"rendered":"","protected":false},"excerpt":{"rendered":"<p>5.00 \u20ac\/GAB<\/p>\n","protected":false},"featured_media":67732,"template":"","meta":{"_acf_changed":false,"inline_featured_image":false},"product_cat":[127,170],"product_tag":[],"acf":[],"aioseo_notices":[],"_links":{"self":[{"href":"https:\/\/rezekne.citro.lv\/ru\/wp-json\/wp\/v2\/product\/67525"}],"collection":[{"href":"https:\/\/rezekne.citro.lv\/ru\/wp-json\/wp\/v2\/product"}],"about":[{"href":"https:\/\/rezekne.citro.lv\/ru\/wp-json\/wp\/v2\/types\/product"}],"wp:featuredmedia":[{"embeddable":true,"href":"https:\/\/rezekne.citro.lv\/ru\/wp-json\/wp\/v2\/media\/67732"}],"wp:attachment":[{"href":"https:\/\/rezekne.citro.lv\/ru\/wp-json\/wp\/v2\/media?parent=67525"}],"wp:term":[{"taxonomy":"product_cat","embeddable":true,"href":"https:\/\/rezekne.citro.lv\/ru\/wp-json\/wp\/v2\/product_cat?post=67525"},{"taxonomy":"product_tag","embeddable":true,"href":"https:\/\/rezekne.citro.lv\/ru\/wp-json\/wp\/v2\/product_tag?post=67525"}],"curies":[{"name":"wp","href":"https:\/\/api.w.org\/{rel}","templated":true}]}}