{"id":67653,"date":"2026-03-26T00:19:24","date_gmt":"2026-03-25T22:19:24","guid":{"rendered":"https:\/\/rezekne.citro.lv\/veikals\/ilguciema-kvass-0-5l\/"},"modified":"2026-04-13T06:02:48","modified_gmt":"2026-04-13T03:02:48","slug":"ilguciema-kvass-0-5l","status":"publish","type":"product","link":"https:\/\/rezekne.citro.lv\/ru\/product\/ilguciema-kvass-0-5l\/","title":{"rendered":"KVASS ORI\u0122IN\u0100LAIS RAUDZ\u0112TS 0.5L PET"},"content":{"rendered":"<p>Izcelsmes valsts: Latvija<\/p>\n","protected":false},"excerpt":{"rendered":"<p>1.30 \u20ac\/L<\/p>\n","protected":false},"featured_media":67705,"template":"","meta":{"_acf_changed":false,"inline_featured_image":false},"product_cat":[106,168],"product_tag":[],"acf":[],"aioseo_notices":[],"_links":{"self":[{"href":"https:\/\/rezekne.citro.lv\/ru\/wp-json\/wp\/v2\/product\/67653"}],"collection":[{"href":"https:\/\/rezekne.citro.lv\/ru\/wp-json\/wp\/v2\/product"}],"about":[{"href":"https:\/\/rezekne.citro.lv\/ru\/wp-json\/wp\/v2\/types\/product"}],"wp:featuredmedia":[{"embeddable":true,"href":"https:\/\/rezekne.citro.lv\/ru\/wp-json\/wp\/v2\/media\/67705"}],"wp:attachment":[{"href":"https:\/\/rezekne.citro.lv\/ru\/wp-json\/wp\/v2\/media?parent=67653"}],"wp:term":[{"taxonomy":"product_cat","embeddable":true,"href":"https:\/\/rezekne.citro.lv\/ru\/wp-json\/wp\/v2\/product_cat?post=67653"},{"taxonomy":"product_tag","embeddable":true,"href":"https:\/\/rezekne.citro.lv\/ru\/wp-json\/wp\/v2\/product_tag?post=67653"}],"curies":[{"name":"wp","href":"https:\/\/api.w.org\/{rel}","templated":true}]}}