{"id":67678,"date":"2025-12-06T00:02:43","date_gmt":"2025-12-05T22:02:43","guid":{"rendered":"https:\/\/rezekne.citro.lv\/veikals\/putra-axa-ar-krejumubananiem-un-zemenem-bez-cukura-40g\/"},"modified":"2026-03-31T06:02:34","modified_gmt":"2026-03-31T03:02:34","slug":"putra-axa-ar-krejumubananiem-un-zemenem-bez-cukura-40g","status":"publish","type":"product","link":"https:\/\/rezekne.citro.lv\/ru\/product\/putra-axa-ar-krejumubananiem-un-zemenem-bez-cukura-40g\/","title":{"rendered":"PUTRA AXA AR KR\u0112JUMU,BAN\u0100NIEM UN ZEMEN\u0112M BEZ CUKURA 40G"},"content":{"rendered":"<p>Izcelsmes valsts: Ukraina<\/p>\n","protected":false},"excerpt":{"rendered":"<p>14.75 \u20ac\/KG<\/p>\n","protected":false},"featured_media":67687,"template":"","meta":{"_acf_changed":false,"inline_featured_image":false},"product_cat":[118,123],"product_tag":[],"acf":[],"aioseo_notices":[],"_links":{"self":[{"href":"https:\/\/rezekne.citro.lv\/ru\/wp-json\/wp\/v2\/product\/67678"}],"collection":[{"href":"https:\/\/rezekne.citro.lv\/ru\/wp-json\/wp\/v2\/product"}],"about":[{"href":"https:\/\/rezekne.citro.lv\/ru\/wp-json\/wp\/v2\/types\/product"}],"wp:featuredmedia":[{"embeddable":true,"href":"https:\/\/rezekne.citro.lv\/ru\/wp-json\/wp\/v2\/media\/67687"}],"wp:attachment":[{"href":"https:\/\/rezekne.citro.lv\/ru\/wp-json\/wp\/v2\/media?parent=67678"}],"wp:term":[{"taxonomy":"product_cat","embeddable":true,"href":"https:\/\/rezekne.citro.lv\/ru\/wp-json\/wp\/v2\/product_cat?post=67678"},{"taxonomy":"product_tag","embeddable":true,"href":"https:\/\/rezekne.citro.lv\/ru\/wp-json\/wp\/v2\/product_tag?post=67678"}],"curies":[{"name":"wp","href":"https:\/\/api.w.org\/{rel}","templated":true}]}}