{"id":67874,"date":"2026-04-28T00:02:21","date_gmt":"2026-04-27T21:02:21","guid":{"rendered":"https:\/\/rezekne.citro.lv\/veikals\/karbonade-cukgalas-majas-zavejuma-kg-forevers\/"},"modified":"2026-05-02T06:03:45","modified_gmt":"2026-05-02T03:03:45","slug":"karbonade-cukgalas-majas-zavejuma-kg-forevers","status":"publish","type":"product","link":"https:\/\/rezekne.citro.lv\/ru\/product\/karbonade-cukgalas-majas-zavejuma-kg-forevers\/","title":{"rendered":"KARBON\u0100DE C\u016aKGA\u013bAS M\u0100JAS \u017d\u0100V\u0112JUM\u0100 KG FOREVERS"},"content":{"rendered":"<p>Izcelsmes valsts: Latvija<\/p>\n","protected":false},"excerpt":{"rendered":"<p>9.69 \u20ac\/KG<\/p>\n","protected":false},"featured_media":67879,"template":"","meta":{"_acf_changed":false,"inline_featured_image":false},"product_cat":[135,174],"product_tag":[],"acf":[],"aioseo_notices":[],"_links":{"self":[{"href":"https:\/\/rezekne.citro.lv\/ru\/wp-json\/wp\/v2\/product\/67874"}],"collection":[{"href":"https:\/\/rezekne.citro.lv\/ru\/wp-json\/wp\/v2\/product"}],"about":[{"href":"https:\/\/rezekne.citro.lv\/ru\/wp-json\/wp\/v2\/types\/product"}],"wp:featuredmedia":[{"embeddable":true,"href":"https:\/\/rezekne.citro.lv\/ru\/wp-json\/wp\/v2\/media\/67879"}],"wp:attachment":[{"href":"https:\/\/rezekne.citro.lv\/ru\/wp-json\/wp\/v2\/media?parent=67874"}],"wp:term":[{"taxonomy":"product_cat","embeddable":true,"href":"https:\/\/rezekne.citro.lv\/ru\/wp-json\/wp\/v2\/product_cat?post=67874"},{"taxonomy":"product_tag","embeddable":true,"href":"https:\/\/rezekne.citro.lv\/ru\/wp-json\/wp\/v2\/product_tag?post=67874"}],"curies":[{"name":"wp","href":"https:\/\/api.w.org\/{rel}","templated":true}]}}