{"id":68388,"date":"2024-09-13T15:04:41","date_gmt":"2024-09-13T12:04:41","guid":{"rendered":"https:\/\/rezekne.citro.lv\/veikals\/lapu-salati-podinos-mix-marupe-250g\/"},"modified":"2025-09-12T15:00:06","modified_gmt":"2025-09-12T12:00:06","slug":"lapu-salati-podinos-mix-marupe-250g","status":"publish","type":"product","link":"https:\/\/rezekne.citro.lv\/ru\/product\/lapu-salati-podinos-mix-marupe-250g\/","title":{"rendered":"LAPU SAL\u0100TI PODI\u0145OS MIX M\u0100RUPE 250G"},"content":{"rendered":"<p>Izcelsmes valsts: Latvija<br \/>\nLATVIJA 2.\u0160\u0136.<\/p>\n","protected":false},"excerpt":{"rendered":"<p>5.16 \u20ac\/KG<\/p>\n","protected":false},"featured_media":79902,"template":"","meta":{"_acf_changed":false,"inline_featured_image":false},"product_cat":[97,99],"product_tag":[],"acf":[],"aioseo_notices":[],"_links":{"self":[{"href":"https:\/\/rezekne.citro.lv\/ru\/wp-json\/wp\/v2\/product\/68388"}],"collection":[{"href":"https:\/\/rezekne.citro.lv\/ru\/wp-json\/wp\/v2\/product"}],"about":[{"href":"https:\/\/rezekne.citro.lv\/ru\/wp-json\/wp\/v2\/types\/product"}],"wp:featuredmedia":[{"embeddable":true,"href":"https:\/\/rezekne.citro.lv\/ru\/wp-json\/wp\/v2\/media\/79902"}],"wp:attachment":[{"href":"https:\/\/rezekne.citro.lv\/ru\/wp-json\/wp\/v2\/media?parent=68388"}],"wp:term":[{"taxonomy":"product_cat","embeddable":true,"href":"https:\/\/rezekne.citro.lv\/ru\/wp-json\/wp\/v2\/product_cat?post=68388"},{"taxonomy":"product_tag","embeddable":true,"href":"https:\/\/rezekne.citro.lv\/ru\/wp-json\/wp\/v2\/product_tag?post=68388"}],"curies":[{"name":"wp","href":"https:\/\/api.w.org\/{rel}","templated":true}]}}