{"id":68410,"date":"2026-03-26T00:31:56","date_gmt":"2026-03-25T22:31:56","guid":{"rendered":"https:\/\/rezekne.citro.lv\/veikals\/cipsi-bruno-risu-ar-kecupa-garsu-60g\/"},"modified":"2026-04-13T06:03:40","modified_gmt":"2026-04-13T03:03:40","slug":"cipsi-bruno-risu-ar-kecupa-garsu-60g","status":"publish","type":"product","link":"https:\/\/rezekne.citro.lv\/ru\/product\/cipsi-bruno-risu-ar-kecupa-garsu-60g\/","title":{"rendered":"\u010cIPSI BR\u016aNO R\u012aSU AR KE\u010cUPA GAR\u0160U 60G"},"content":{"rendered":"<p>Izcelsmes valsts: Bulg\u0101rija<\/p>\n","protected":false},"excerpt":{"rendered":"<p>24.83 \u20ac\/KG<\/p>\n","protected":false},"featured_media":31124,"template":"","meta":{"_acf_changed":false,"inline_featured_image":false},"product_cat":[125,191],"product_tag":[],"acf":[],"aioseo_notices":[],"_links":{"self":[{"href":"https:\/\/rezekne.citro.lv\/ru\/wp-json\/wp\/v2\/product\/68410"}],"collection":[{"href":"https:\/\/rezekne.citro.lv\/ru\/wp-json\/wp\/v2\/product"}],"about":[{"href":"https:\/\/rezekne.citro.lv\/ru\/wp-json\/wp\/v2\/types\/product"}],"wp:featuredmedia":[{"embeddable":true,"href":"https:\/\/rezekne.citro.lv\/ru\/wp-json\/wp\/v2\/media\/31124"}],"wp:attachment":[{"href":"https:\/\/rezekne.citro.lv\/ru\/wp-json\/wp\/v2\/media?parent=68410"}],"wp:term":[{"taxonomy":"product_cat","embeddable":true,"href":"https:\/\/rezekne.citro.lv\/ru\/wp-json\/wp\/v2\/product_cat?post=68410"},{"taxonomy":"product_tag","embeddable":true,"href":"https:\/\/rezekne.citro.lv\/ru\/wp-json\/wp\/v2\/product_tag?post=68410"}],"curies":[{"name":"wp","href":"https:\/\/api.w.org\/{rel}","templated":true}]}}