{"id":68416,"date":"2026-04-23T00:32:53","date_gmt":"2026-04-22T21:32:53","guid":{"rendered":"https:\/\/rezekne.citro.lv\/veikals\/saulespuku-seklas-lobitas-500g-gemoss\/"},"modified":"2026-05-13T06:03:15","modified_gmt":"2026-05-13T03:03:15","slug":"saulespuku-seklas-lobitas-500g-gemoss","status":"publish","type":"product","link":"https:\/\/rezekne.citro.lv\/ru\/product\/saulespuku-seklas-lobitas-500g-gemoss\/","title":{"rendered":"SAULESPU\u0136U S\u0112KLAS LOB\u012aTAS 500G GEMOSS"},"content":{"rendered":"<p>Izcelsmes valsts: Bulg\u0101rija<\/p>\n","protected":false},"excerpt":{"rendered":"<p>3.98 \u20ac\/KG<\/p>\n","protected":false},"featured_media":68664,"template":"","meta":{"_acf_changed":false,"inline_featured_image":false},"product_cat":[125,197],"product_tag":[],"acf":[],"aioseo_notices":[],"_links":{"self":[{"href":"https:\/\/rezekne.citro.lv\/ru\/wp-json\/wp\/v2\/product\/68416"}],"collection":[{"href":"https:\/\/rezekne.citro.lv\/ru\/wp-json\/wp\/v2\/product"}],"about":[{"href":"https:\/\/rezekne.citro.lv\/ru\/wp-json\/wp\/v2\/types\/product"}],"wp:featuredmedia":[{"embeddable":true,"href":"https:\/\/rezekne.citro.lv\/ru\/wp-json\/wp\/v2\/media\/68664"}],"wp:attachment":[{"href":"https:\/\/rezekne.citro.lv\/ru\/wp-json\/wp\/v2\/media?parent=68416"}],"wp:term":[{"taxonomy":"product_cat","embeddable":true,"href":"https:\/\/rezekne.citro.lv\/ru\/wp-json\/wp\/v2\/product_cat?post=68416"},{"taxonomy":"product_tag","embeddable":true,"href":"https:\/\/rezekne.citro.lv\/ru\/wp-json\/wp\/v2\/product_tag?post=68416"}],"curies":[{"name":"wp","href":"https:\/\/api.w.org\/{rel}","templated":true}]}}