{"id":68418,"date":"2026-02-17T00:02:07","date_gmt":"2026-02-16T22:02:07","guid":{"rendered":"https:\/\/rezekne.citro.lv\/veikals\/nudeles-atri-pagatavojamas-daryna-ar-vistas-galas-garsu-50g\/"},"modified":"2026-04-11T06:04:25","modified_gmt":"2026-04-11T03:04:25","slug":"nudeles-atri-pagatavojamas-daryna-ar-vistas-galas-garsu-50g","status":"publish","type":"product","link":"https:\/\/rezekne.citro.lv\/ru\/product\/nudeles-atri-pagatavojamas-daryna-ar-vistas-galas-garsu-50g\/","title":{"rendered":"N\u016aDELES \u0100TRI PAGATAVOJAM\u0100S DARYNA AR VISTAS GA\u013bAS GAR\u0160U 50G"},"content":{"rendered":"<p>Izcelsmes valsts: Ukraina<\/p>\n","protected":false},"excerpt":{"rendered":"<p>5.80 \u20ac\/KG<\/p>\n","protected":false},"featured_media":68584,"template":"","meta":{"_acf_changed":false,"inline_featured_image":false},"product_cat":[111,138],"product_tag":[],"acf":[],"aioseo_notices":[],"_links":{"self":[{"href":"https:\/\/rezekne.citro.lv\/ru\/wp-json\/wp\/v2\/product\/68418"}],"collection":[{"href":"https:\/\/rezekne.citro.lv\/ru\/wp-json\/wp\/v2\/product"}],"about":[{"href":"https:\/\/rezekne.citro.lv\/ru\/wp-json\/wp\/v2\/types\/product"}],"wp:featuredmedia":[{"embeddable":true,"href":"https:\/\/rezekne.citro.lv\/ru\/wp-json\/wp\/v2\/media\/68584"}],"wp:attachment":[{"href":"https:\/\/rezekne.citro.lv\/ru\/wp-json\/wp\/v2\/media?parent=68418"}],"wp:term":[{"taxonomy":"product_cat","embeddable":true,"href":"https:\/\/rezekne.citro.lv\/ru\/wp-json\/wp\/v2\/product_cat?post=68418"},{"taxonomy":"product_tag","embeddable":true,"href":"https:\/\/rezekne.citro.lv\/ru\/wp-json\/wp\/v2\/product_tag?post=68418"}],"curies":[{"name":"wp","href":"https:\/\/api.w.org\/{rel}","templated":true}]}}