{"id":68422,"date":"2026-04-23T00:32:53","date_gmt":"2026-04-22T21:32:53","guid":{"rendered":"https:\/\/rezekne.citro.lv\/veikals\/tirisanas-lidzeklis-izsmidzinams-multifunkcionals-the-pink-750ml\/"},"modified":"2026-04-23T00:32:59","modified_gmt":"2026-04-22T21:32:59","slug":"tirisanas-lidzeklis-izsmidzinams-multifunkcionals-the-pink-750ml","status":"publish","type":"product","link":"https:\/\/rezekne.citro.lv\/ru\/product\/tirisanas-lidzeklis-izsmidzinams-multifunkcionals-the-pink-750ml\/","title":{"rendered":"T\u012aR\u012a\u0160ANAS L\u012aDZEKLIS IZSMIDZIN\u0100MS MULTIFUNKCION\u0100LS THE PINK 750ML"},"content":{"rendered":"","protected":false},"excerpt":{"rendered":"<p>3.32 \u20ac\/KG<\/p>\n","protected":false},"featured_media":68567,"template":"","meta":{"_acf_changed":false,"inline_featured_image":false},"product_cat":[131,169],"product_tag":[],"acf":[],"aioseo_notices":[],"_links":{"self":[{"href":"https:\/\/rezekne.citro.lv\/ru\/wp-json\/wp\/v2\/product\/68422"}],"collection":[{"href":"https:\/\/rezekne.citro.lv\/ru\/wp-json\/wp\/v2\/product"}],"about":[{"href":"https:\/\/rezekne.citro.lv\/ru\/wp-json\/wp\/v2\/types\/product"}],"wp:featuredmedia":[{"embeddable":true,"href":"https:\/\/rezekne.citro.lv\/ru\/wp-json\/wp\/v2\/media\/68567"}],"wp:attachment":[{"href":"https:\/\/rezekne.citro.lv\/ru\/wp-json\/wp\/v2\/media?parent=68422"}],"wp:term":[{"taxonomy":"product_cat","embeddable":true,"href":"https:\/\/rezekne.citro.lv\/ru\/wp-json\/wp\/v2\/product_cat?post=68422"},{"taxonomy":"product_tag","embeddable":true,"href":"https:\/\/rezekne.citro.lv\/ru\/wp-json\/wp\/v2\/product_tag?post=68422"}],"curies":[{"name":"wp","href":"https:\/\/api.w.org\/{rel}","templated":true}]}}