{"id":68425,"date":"2026-03-26T00:05:12","date_gmt":"2026-03-25T22:05:12","guid":{"rendered":"https:\/\/rezekne.citro.lv\/veikals\/konfektes-nut-nut-kg\/"},"modified":"2026-04-16T06:01:01","modified_gmt":"2026-04-16T03:01:01","slug":"konfektes-nut-nut-kg","status":"publish","type":"product","link":"https:\/\/rezekne.citro.lv\/ru\/product\/konfektes-nut-nut-kg\/","title":{"rendered":"KONFEKTES NUT NUT KG"},"content":{"rendered":"<p>Izcelsmes valsts: Lietuva<br \/>Sast\u0101vda\u013cas: cukurs, augu tauki, kvie\u0161u milti, grauzd\u0113ti ZEMESRIEKSTI, v\u0101jpiena mais\u012bjums, glikozes-fruktozes s\u012brups, piena pulveris, aromatiz\u0113t\u0101ji, irdin\u0101t\u0101ji, kardamons, ingvers. Produkts var satur\u0113ts LAZDU RIEKSTUS, MANDELES. Tauki 32g, og\u013chidr\u0101ti 60g, olbaltumvielas 5g.<\/p>\n","protected":false},"excerpt":{"rendered":"<p>5.79 \u20ac\/KG<\/p>\n","protected":false},"featured_media":77056,"template":"","meta":{"_acf_changed":false,"inline_featured_image":false},"product_cat":[125,201],"product_tag":[],"acf":[],"aioseo_notices":[],"_links":{"self":[{"href":"https:\/\/rezekne.citro.lv\/ru\/wp-json\/wp\/v2\/product\/68425"}],"collection":[{"href":"https:\/\/rezekne.citro.lv\/ru\/wp-json\/wp\/v2\/product"}],"about":[{"href":"https:\/\/rezekne.citro.lv\/ru\/wp-json\/wp\/v2\/types\/product"}],"wp:featuredmedia":[{"embeddable":true,"href":"https:\/\/rezekne.citro.lv\/ru\/wp-json\/wp\/v2\/media\/77056"}],"wp:attachment":[{"href":"https:\/\/rezekne.citro.lv\/ru\/wp-json\/wp\/v2\/media?parent=68425"}],"wp:term":[{"taxonomy":"product_cat","embeddable":true,"href":"https:\/\/rezekne.citro.lv\/ru\/wp-json\/wp\/v2\/product_cat?post=68425"},{"taxonomy":"product_tag","embeddable":true,"href":"https:\/\/rezekne.citro.lv\/ru\/wp-json\/wp\/v2\/product_tag?post=68425"}],"curies":[{"name":"wp","href":"https:\/\/api.w.org\/{rel}","templated":true}]}}