{"id":68442,"date":"2026-01-30T00:01:48","date_gmt":"2026-01-29T22:01:48","guid":{"rendered":"https:\/\/rezekne.citro.lv\/veikals\/ella-rapsu-omili-0-9l\/"},"modified":"2026-04-30T06:02:35","modified_gmt":"2026-04-30T03:02:35","slug":"ella-rapsu-omili-0-9l","status":"publish","type":"product","link":"https:\/\/rezekne.citro.lv\/ru\/product\/ella-rapsu-omili-0-9l\/","title":{"rendered":"E\u013b\u013bA RAP\u0160U OMILI 0.9L"},"content":{"rendered":"<p>Izcelsmes valsts: Igaunija<\/p>\n","protected":false},"excerpt":{"rendered":"<p>2.99 \u20ac\/L<\/p>\n","protected":false},"featured_media":69204,"template":"","meta":{"_acf_changed":false,"inline_featured_image":false},"product_cat":[116,164],"product_tag":[],"acf":[],"aioseo_notices":[],"_links":{"self":[{"href":"https:\/\/rezekne.citro.lv\/ru\/wp-json\/wp\/v2\/product\/68442"}],"collection":[{"href":"https:\/\/rezekne.citro.lv\/ru\/wp-json\/wp\/v2\/product"}],"about":[{"href":"https:\/\/rezekne.citro.lv\/ru\/wp-json\/wp\/v2\/types\/product"}],"wp:featuredmedia":[{"embeddable":true,"href":"https:\/\/rezekne.citro.lv\/ru\/wp-json\/wp\/v2\/media\/69204"}],"wp:attachment":[{"href":"https:\/\/rezekne.citro.lv\/ru\/wp-json\/wp\/v2\/media?parent=68442"}],"wp:term":[{"taxonomy":"product_cat","embeddable":true,"href":"https:\/\/rezekne.citro.lv\/ru\/wp-json\/wp\/v2\/product_cat?post=68442"},{"taxonomy":"product_tag","embeddable":true,"href":"https:\/\/rezekne.citro.lv\/ru\/wp-json\/wp\/v2\/product_tag?post=68442"}],"curies":[{"name":"wp","href":"https:\/\/api.w.org\/{rel}","templated":true}]}}