{"id":68827,"date":"2025-09-06T00:01:51","date_gmt":"2025-09-05T21:01:51","guid":{"rendered":"https:\/\/rezekne.citro.lv\/veikals\/teja-mozums-meza-zemenu-20x1-5g\/"},"modified":"2026-04-23T06:00:31","modified_gmt":"2026-04-23T03:00:31","slug":"teja-mozums-meza-zemenu-20x1-5g","status":"publish","type":"product","link":"https:\/\/rezekne.citro.lv\/ru\/product\/teja-mozums-meza-zemenu-20x1-5g\/","title":{"rendered":"T\u0112JA MO\u017dUMS ME\u017dA ZEME\u0145U 20X1.5G"},"content":{"rendered":"<p>Izcelsmes valsts: Polija<\/p>\n","protected":false},"excerpt":{"rendered":"<p>29.67 \u20ac\/KG<\/p>\n","protected":false},"featured_media":68828,"template":"","meta":{"_acf_changed":false,"inline_featured_image":false},"product_cat":[142,143],"product_tag":[],"acf":[],"aioseo_notices":[],"_links":{"self":[{"href":"https:\/\/rezekne.citro.lv\/ru\/wp-json\/wp\/v2\/product\/68827"}],"collection":[{"href":"https:\/\/rezekne.citro.lv\/ru\/wp-json\/wp\/v2\/product"}],"about":[{"href":"https:\/\/rezekne.citro.lv\/ru\/wp-json\/wp\/v2\/types\/product"}],"wp:featuredmedia":[{"embeddable":true,"href":"https:\/\/rezekne.citro.lv\/ru\/wp-json\/wp\/v2\/media\/68828"}],"wp:attachment":[{"href":"https:\/\/rezekne.citro.lv\/ru\/wp-json\/wp\/v2\/media?parent=68827"}],"wp:term":[{"taxonomy":"product_cat","embeddable":true,"href":"https:\/\/rezekne.citro.lv\/ru\/wp-json\/wp\/v2\/product_cat?post=68827"},{"taxonomy":"product_tag","embeddable":true,"href":"https:\/\/rezekne.citro.lv\/ru\/wp-json\/wp\/v2\/product_tag?post=68827"}],"curies":[{"name":"wp","href":"https:\/\/api.w.org\/{rel}","templated":true}]}}