{"id":69475,"date":"2026-04-23T00:18:52","date_gmt":"2026-04-22T21:18:52","guid":{"rendered":"https:\/\/rezekne.citro.lv\/veikals\/sausmazites-selga-nature-ar-seklam-200g\/"},"modified":"2026-05-01T06:02:51","modified_gmt":"2026-05-01T03:02:51","slug":"sausmazites-selga-nature-ar-seklam-200g","status":"publish","type":"product","link":"https:\/\/rezekne.citro.lv\/ru\/product\/sausmazites-selga-nature-ar-seklam-200g\/","title":{"rendered":"SAUSMAZ\u012aTES SELGA NATURE AR S\u0112KL\u0100M 200G"},"content":{"rendered":"<p>Izcelsmes valsts: Latvija<\/p>\n","protected":false},"excerpt":{"rendered":"<p>14.95 \u20ac\/KG<\/p>\n","protected":false},"featured_media":69582,"template":"","meta":{"_acf_changed":false,"inline_featured_image":false},"product_cat":[215,563],"product_tag":[],"acf":[],"aioseo_notices":[],"_links":{"self":[{"href":"https:\/\/rezekne.citro.lv\/ru\/wp-json\/wp\/v2\/product\/69475"}],"collection":[{"href":"https:\/\/rezekne.citro.lv\/ru\/wp-json\/wp\/v2\/product"}],"about":[{"href":"https:\/\/rezekne.citro.lv\/ru\/wp-json\/wp\/v2\/types\/product"}],"wp:featuredmedia":[{"embeddable":true,"href":"https:\/\/rezekne.citro.lv\/ru\/wp-json\/wp\/v2\/media\/69582"}],"wp:attachment":[{"href":"https:\/\/rezekne.citro.lv\/ru\/wp-json\/wp\/v2\/media?parent=69475"}],"wp:term":[{"taxonomy":"product_cat","embeddable":true,"href":"https:\/\/rezekne.citro.lv\/ru\/wp-json\/wp\/v2\/product_cat?post=69475"},{"taxonomy":"product_tag","embeddable":true,"href":"https:\/\/rezekne.citro.lv\/ru\/wp-json\/wp\/v2\/product_tag?post=69475"}],"curies":[{"name":"wp","href":"https:\/\/api.w.org\/{rel}","templated":true}]}}