{"id":69482,"date":"2026-04-23T00:33:08","date_gmt":"2026-04-22T21:33:08","guid":{"rendered":"https:\/\/rezekne.citro.lv\/veikals\/siers-kausets-kupinatais-180g\/"},"modified":"2026-04-24T12:00:29","modified_gmt":"2026-04-24T09:00:29","slug":"siers-kausets-kupinatais-180g","status":"publish","type":"product","link":"https:\/\/rezekne.citro.lv\/ru\/product\/siers-kausets-kupinatais-180g\/","title":{"rendered":"SIERS KAUS\u0112TS K\u016aPIN\u0100TAIS 180G"},"content":{"rendered":"<p>Izcelsmes valsts: Latvija<\/p>\n","protected":false},"excerpt":{"rendered":"<p>7.72 \u20ac\/KG<\/p>\n","protected":false},"featured_media":69687,"template":"","meta":{"_acf_changed":false,"inline_featured_image":false},"product_cat":[95,535],"product_tag":[],"acf":[],"aioseo_notices":[],"_links":{"self":[{"href":"https:\/\/rezekne.citro.lv\/ru\/wp-json\/wp\/v2\/product\/69482"}],"collection":[{"href":"https:\/\/rezekne.citro.lv\/ru\/wp-json\/wp\/v2\/product"}],"about":[{"href":"https:\/\/rezekne.citro.lv\/ru\/wp-json\/wp\/v2\/types\/product"}],"wp:featuredmedia":[{"embeddable":true,"href":"https:\/\/rezekne.citro.lv\/ru\/wp-json\/wp\/v2\/media\/69687"}],"wp:attachment":[{"href":"https:\/\/rezekne.citro.lv\/ru\/wp-json\/wp\/v2\/media?parent=69482"}],"wp:term":[{"taxonomy":"product_cat","embeddable":true,"href":"https:\/\/rezekne.citro.lv\/ru\/wp-json\/wp\/v2\/product_cat?post=69482"},{"taxonomy":"product_tag","embeddable":true,"href":"https:\/\/rezekne.citro.lv\/ru\/wp-json\/wp\/v2\/product_tag?post=69482"}],"curies":[{"name":"wp","href":"https:\/\/api.w.org\/{rel}","templated":true}]}}