{"id":69483,"date":"2026-02-05T00:02:37","date_gmt":"2026-02-04T22:02:37","guid":{"rendered":"https:\/\/rezekne.citro.lv\/veikals\/nektars-persiku-abolu-sadocok-ar-mikst-950ml\/"},"modified":"2026-03-29T06:03:58","modified_gmt":"2026-03-29T04:03:58","slug":"nektars-persiku-abolu-sadocok-ar-mikst-950ml","status":"publish","type":"product","link":"https:\/\/rezekne.citro.lv\/ru\/product\/nektars-persiku-abolu-sadocok-ar-mikst-950ml\/","title":{"rendered":"NEKT\u0100RS PERSIKU-\u0100BOLU SADO\u010cOK AR M\u012aKST. 950ML"},"content":{"rendered":"<p>Izcelsmes valsts: Ukraina<\/p>\n","protected":false},"excerpt":{"rendered":"<p>2.09 \u20ac\/L<\/p>\n","protected":false},"featured_media":69751,"template":"","meta":{"_acf_changed":false,"inline_featured_image":false},"product_cat":[106,124],"product_tag":[],"acf":[],"aioseo_notices":[],"_links":{"self":[{"href":"https:\/\/rezekne.citro.lv\/ru\/wp-json\/wp\/v2\/product\/69483"}],"collection":[{"href":"https:\/\/rezekne.citro.lv\/ru\/wp-json\/wp\/v2\/product"}],"about":[{"href":"https:\/\/rezekne.citro.lv\/ru\/wp-json\/wp\/v2\/types\/product"}],"wp:featuredmedia":[{"embeddable":true,"href":"https:\/\/rezekne.citro.lv\/ru\/wp-json\/wp\/v2\/media\/69751"}],"wp:attachment":[{"href":"https:\/\/rezekne.citro.lv\/ru\/wp-json\/wp\/v2\/media?parent=69483"}],"wp:term":[{"taxonomy":"product_cat","embeddable":true,"href":"https:\/\/rezekne.citro.lv\/ru\/wp-json\/wp\/v2\/product_cat?post=69483"},{"taxonomy":"product_tag","embeddable":true,"href":"https:\/\/rezekne.citro.lv\/ru\/wp-json\/wp\/v2\/product_tag?post=69483"}],"curies":[{"name":"wp","href":"https:\/\/api.w.org\/{rel}","templated":true}]}}