{"id":69487,"date":"2026-04-23T00:33:08","date_gmt":"2026-04-22T21:33:08","guid":{"rendered":"https:\/\/rezekne.citro.lv\/veikals\/sausmaizites-selga-nature-ar-seklam-cili-kiploks-200g\/"},"modified":"2026-04-23T00:33:12","modified_gmt":"2026-04-22T21:33:12","slug":"sausmaizites-selga-nature-ar-seklam-cili-kiploks-200g","status":"publish","type":"product","link":"https:\/\/rezekne.citro.lv\/ru\/product\/sausmaizites-selga-nature-ar-seklam-cili-kiploks-200g\/","title":{"rendered":"SAUSMAIZ\u012aTES SELGA NATURE AR S\u0112KL\u0100M, \u010cILI, \u0136IPLOKS 200G"},"content":{"rendered":"<p>Izcelsmes valsts: Latvija<\/p>\n","protected":false},"excerpt":{"rendered":"<p>14.95 \u20ac\/KG<\/p>\n","protected":false},"featured_media":69583,"template":"","meta":{"_acf_changed":false,"inline_featured_image":false},"product_cat":[215,563],"product_tag":[],"acf":[],"aioseo_notices":[],"_links":{"self":[{"href":"https:\/\/rezekne.citro.lv\/ru\/wp-json\/wp\/v2\/product\/69487"}],"collection":[{"href":"https:\/\/rezekne.citro.lv\/ru\/wp-json\/wp\/v2\/product"}],"about":[{"href":"https:\/\/rezekne.citro.lv\/ru\/wp-json\/wp\/v2\/types\/product"}],"wp:featuredmedia":[{"embeddable":true,"href":"https:\/\/rezekne.citro.lv\/ru\/wp-json\/wp\/v2\/media\/69583"}],"wp:attachment":[{"href":"https:\/\/rezekne.citro.lv\/ru\/wp-json\/wp\/v2\/media?parent=69487"}],"wp:term":[{"taxonomy":"product_cat","embeddable":true,"href":"https:\/\/rezekne.citro.lv\/ru\/wp-json\/wp\/v2\/product_cat?post=69487"},{"taxonomy":"product_tag","embeddable":true,"href":"https:\/\/rezekne.citro.lv\/ru\/wp-json\/wp\/v2\/product_tag?post=69487"}],"curies":[{"name":"wp","href":"https:\/\/api.w.org\/{rel}","templated":true}]}}