{"id":69491,"date":"2026-04-23T00:47:24","date_gmt":"2026-04-22T21:47:24","guid":{"rendered":"https:\/\/rezekne.citro.lv\/veikals\/nakotne-vaidzins-majas-gaume-kup-1kg\/"},"modified":"2026-04-23T00:47:25","modified_gmt":"2026-04-22T21:47:25","slug":"nakotne-vaidzins-majas-gaume-kup-1kg","status":"publish","type":"product","link":"https:\/\/rezekne.citro.lv\/ru\/product\/nakotne-vaidzins-majas-gaume-kup-1kg\/","title":{"rendered":"N\u0100KOTNE VAIDZI\u0145\u0160 M\u0100JAS GAUM\u0112 K\u016aP.1KG"},"content":{"rendered":"<p>Izcelsmes valsts: Latvija<\/p>\n","protected":false},"excerpt":{"rendered":"<p>6.99 \u20ac\/KG<\/p>\n","protected":false},"featured_media":69509,"template":"","meta":{"_acf_changed":false,"inline_featured_image":false},"product_cat":[135,174],"product_tag":[],"acf":[],"aioseo_notices":[],"_links":{"self":[{"href":"https:\/\/rezekne.citro.lv\/ru\/wp-json\/wp\/v2\/product\/69491"}],"collection":[{"href":"https:\/\/rezekne.citro.lv\/ru\/wp-json\/wp\/v2\/product"}],"about":[{"href":"https:\/\/rezekne.citro.lv\/ru\/wp-json\/wp\/v2\/types\/product"}],"wp:featuredmedia":[{"embeddable":true,"href":"https:\/\/rezekne.citro.lv\/ru\/wp-json\/wp\/v2\/media\/69509"}],"wp:attachment":[{"href":"https:\/\/rezekne.citro.lv\/ru\/wp-json\/wp\/v2\/media?parent=69491"}],"wp:term":[{"taxonomy":"product_cat","embeddable":true,"href":"https:\/\/rezekne.citro.lv\/ru\/wp-json\/wp\/v2\/product_cat?post=69491"},{"taxonomy":"product_tag","embeddable":true,"href":"https:\/\/rezekne.citro.lv\/ru\/wp-json\/wp\/v2\/product_tag?post=69491"}],"curies":[{"name":"wp","href":"https:\/\/api.w.org\/{rel}","templated":true}]}}