{"id":69890,"date":"2026-05-14T00:02:24","date_gmt":"2026-05-13T21:02:24","guid":{"rendered":"https:\/\/rezekne.citro.lv\/veikals\/merce-tobasco-originala-sarkano-piparu-sarkana-60ml\/"},"modified":"2026-05-14T00:02:24","modified_gmt":"2026-05-13T21:02:24","slug":"merce-tobasco-originala-sarkano-piparu-sarkana-60ml","status":"publish","type":"product","link":"https:\/\/rezekne.citro.lv\/ru\/product\/merce-tobasco-originala-sarkano-piparu-sarkana-60ml\/","title":{"rendered":"M\u0112RCE TOBASCO ORI\u0122IN\u0100L\u0100 SARKANO PIPARU SARKAN\u0100  60ML"},"content":{"rendered":"<p>Izcelsmes valsts: Amerikas Savienot\u0101s Valstis<\/p>\n","protected":false},"excerpt":{"rendered":"<p>63.17 \u20ac\/L<\/p>\n","protected":false},"featured_media":31969,"template":"","meta":{"_acf_changed":false,"inline_featured_image":false},"product_cat":[116,208],"product_tag":[],"acf":[],"aioseo_notices":[],"_links":{"self":[{"href":"https:\/\/rezekne.citro.lv\/ru\/wp-json\/wp\/v2\/product\/69890"}],"collection":[{"href":"https:\/\/rezekne.citro.lv\/ru\/wp-json\/wp\/v2\/product"}],"about":[{"href":"https:\/\/rezekne.citro.lv\/ru\/wp-json\/wp\/v2\/types\/product"}],"wp:featuredmedia":[{"embeddable":true,"href":"https:\/\/rezekne.citro.lv\/ru\/wp-json\/wp\/v2\/media\/31969"}],"wp:attachment":[{"href":"https:\/\/rezekne.citro.lv\/ru\/wp-json\/wp\/v2\/media?parent=69890"}],"wp:term":[{"taxonomy":"product_cat","embeddable":true,"href":"https:\/\/rezekne.citro.lv\/ru\/wp-json\/wp\/v2\/product_cat?post=69890"},{"taxonomy":"product_tag","embeddable":true,"href":"https:\/\/rezekne.citro.lv\/ru\/wp-json\/wp\/v2\/product_tag?post=69890"}],"curies":[{"name":"wp","href":"https:\/\/api.w.org\/{rel}","templated":true}]}}