{"id":69978,"date":"2026-04-23T00:04:59","date_gmt":"2026-04-22T21:04:59","guid":{"rendered":"https:\/\/rezekne.citro.lv\/veikals\/sokolade-tumsa-pergale-85g\/"},"modified":"2026-04-26T06:01:03","modified_gmt":"2026-04-26T03:01:03","slug":"sokolade-tumsa-pergale-85g","status":"publish","type":"product","link":"https:\/\/rezekne.citro.lv\/ru\/product\/sokolade-tumsa-pergale-85g\/","title":{"rendered":"\u0160OKOL\u0100DE TUM\u0160\u0100 PERGALE 85G"},"content":{"rendered":"","protected":false},"excerpt":{"rendered":"<p>17.53 \u20ac\/KG<\/p>\n","protected":false},"featured_media":91590,"template":"","meta":{"_acf_changed":false,"inline_featured_image":false},"product_cat":[125,134],"product_tag":[],"acf":[],"aioseo_notices":[],"_links":{"self":[{"href":"https:\/\/rezekne.citro.lv\/ru\/wp-json\/wp\/v2\/product\/69978"}],"collection":[{"href":"https:\/\/rezekne.citro.lv\/ru\/wp-json\/wp\/v2\/product"}],"about":[{"href":"https:\/\/rezekne.citro.lv\/ru\/wp-json\/wp\/v2\/types\/product"}],"wp:featuredmedia":[{"embeddable":true,"href":"https:\/\/rezekne.citro.lv\/ru\/wp-json\/wp\/v2\/media\/91590"}],"wp:attachment":[{"href":"https:\/\/rezekne.citro.lv\/ru\/wp-json\/wp\/v2\/media?parent=69978"}],"wp:term":[{"taxonomy":"product_cat","embeddable":true,"href":"https:\/\/rezekne.citro.lv\/ru\/wp-json\/wp\/v2\/product_cat?post=69978"},{"taxonomy":"product_tag","embeddable":true,"href":"https:\/\/rezekne.citro.lv\/ru\/wp-json\/wp\/v2\/product_tag?post=69978"}],"curies":[{"name":"wp","href":"https:\/\/api.w.org\/{rel}","templated":true}]}}